{"id":226489,"date":"2023-07-13T21:57:11","date_gmt":"2023-07-13T19:57:11","guid":{"rendered":"https:\/\/www.tools4grill.nl\/product\/grillrost-aus-gusseisen-halbmondform-515-cm\/"},"modified":"2023-07-13T21:57:11","modified_gmt":"2023-07-13T19:57:11","slug":"grillrost-aus-gusseisen-halbmondform-515-cm","status":"publish","type":"product","link":"https:\/\/www.tools4grill.nl\/de\/produkt\/grillrost-aus-gusseisen-halbmondform-515-cm\/","title":{"rendered":"Grillrost aus Gusseisen \u2013 Halbmondform 51,5 cm"},"content":{"rendered":"<p><strong>Tools4Grill halbrunder Gusseisenrost: Perfekt f\u00fcr Grillstreifen und optimale Hitzeregulierung<\/strong><\/p>\n<p>Dieser schwere, halbrunde Grillrost von Tools4Grill aus hochwertigem Gusseisen sorgt f\u00fcr hervorragende W\u00e4rmeleitung und eine gleichm\u00e4\u00dfige Temperaturverteilung auf der gesamten Fl\u00e4che. Dank dieser gleichm\u00e4\u00dfigen Hitze erhalten Sie wundersch\u00f6ne, tiefe Grillstreifen auf Ihrem Fleisch, Fisch und Gem\u00fcse \u2013 genau das, was sich jeder Grillfan w\u00fcnscht. <\/p>\n<p>Design und Abmessungen<br \/>Mit Abmessungen von 51,5 x 25,5 cm ist dieser halbrunde Grillrost ideal f\u00fcr Kamado-Grills und bietet zus\u00e4tzliche Flexibilit\u00e4t beim Grillen. Dank der halben Gr\u00f6\u00dfe lassen sich verschiedene Garzonen auf Ihrem Grill einrichten, sodass Sie gleichzeitig grillen und schmoren k\u00f6nnen. <\/p>\n<p>Hervorragende W\u00e4rmespeicherung<br \/>Das Gusseisen sorgt daf\u00fcr, dass die W\u00e4rme nicht nur schnell aufgenommen, sondern auch lange gespeichert wird. Das Ergebnis ist ein gleichm\u00e4\u00dfiger Grillvorgang und stets perfekte Ergebnisse. Dank der exzellenten W\u00e4rmeregulierung eignet sich dieser Grillrost ideal f\u00fcr Gerichte, bei denen Pr\u00e4zision und Temperaturkontrolle entscheidend sind. <\/p>\n<p>Sicher und benutzerfreundlich<br \/>Dieser gusseiserne Grillrost l\u00e4sst sich mit dem Tools4Grill-Gusseisengreifer (separat erh\u00e4ltlich, Artikelnummer: 8720648180774) einfach handhaben. Mit diesem Greifer k\u00f6nnen Sie den hei\u00dfen Rost sicher und m\u00fchelos aus Ihrem Grill entnehmen. <\/p>\n<p><strong>Wichtigste Merkmale:<\/strong><\/p>\n<ul>\n<li>Hergestellt aus robustem Gusseisen f\u00fcr hervorragende W\u00e4rmeleitung und -speicherung.<\/li>\n<li>Halbkreisf\u00f6rmiges Design (51,5 x 25,5 cm) f\u00fcr vielseitiges Grillen<\/li>\n<li>Erzeugt die ikonischen Grillstreifen auf Ihren Gerichten<\/li>\n<li>Einfach und sicher zu handhaben mit dem Tools4Grill Gusseisen-Greifer<\/li>\n<\/ul>\n<p>Bringen Sie Ihr Grillerlebnis mit dem halbkreisf\u00f6rmigen Gusseisenrost von Tools4Grill auf die n\u00e4chste Stufe und genie\u00dfen Sie perfekt gegrillte Gerichte mit jedem Grill.<\/p>\n<p>&nbsp;<\/p>\n<p>Diese gusseisernen Grillroste lassen sich mit unserem Gusseisen-Greifer ganz einfach anheben, sodass Sie selbst hei\u00dfe Roste sicher von Ihrem Grill entfernen k\u00f6nnen. Der Greifer ist separat erh\u00e4ltlich; siehe Artikelnummer: 8720648180774 <\/p>\n<p>Unser Gusseisen-Rostgreifer ist \u00e4u\u00dferst praktisch f\u00fcr Gusseisen-Roste und erm\u00f6glicht Ihnen das einfache und sichere Anheben des (hei\u00dfen) Rosts. Bei Bedarf k\u00f6nnen Sie ihn separat unter der Artikelnummer 8720648180774 bestellen. <\/p>\n","protected":false},"excerpt":{"rendered":"<p>Tools4Grill halbrunder Gusseisenrost: Perfekt f\u00fcr Grillstreifen und optimale Hitzeregulierung Dieser schwere, halbrunde Grillrost von Tools4Grill aus hochwertigem Gusseisen sorgt f\u00fcr hervorragende W\u00e4rmeleitung und eine gleichm\u00e4\u00dfige Temperaturverteilung auf der gesamten Fl\u00e4che. Dank dieser gleichm\u00e4\u00dfigen Hitze erhalten Sie wundersch\u00f6ne, tiefe Grillstreifen auf Ihrem Fleisch, Fisch und Gem\u00fcse \u2013 genau das, was sich jeder Grillfan w\u00fcnscht. Design und [&hellip;]<\/p>\n","protected":false},"featured_media":984,"comment_status":"open","ping_status":"closed","template":"","meta":{"_et_pb_use_builder":"","_et_pb_old_content":"","_et_gb_content_width":""},"product_brand":[],"product_cat":[190,164],"product_tag":[],"class_list":{"0":"post-226489","1":"product","2":"type-product","3":"status-publish","4":"has-post-thumbnail","6":"product_cat-23-zoll","7":"product_cat-gusseisen","9":"first","10":"instock","11":"taxable","12":"shipping-taxable","13":"purchasable","14":"product-type-simple"},"_links":{"self":[{"href":"https:\/\/www.tools4grill.nl\/de\/wp-json\/wp\/v2\/product\/226489","targetHints":{"allow":["GET"]}}],"collection":[{"href":"https:\/\/www.tools4grill.nl\/de\/wp-json\/wp\/v2\/product"}],"about":[{"href":"https:\/\/www.tools4grill.nl\/de\/wp-json\/wp\/v2\/types\/product"}],"replies":[{"embeddable":true,"href":"https:\/\/www.tools4grill.nl\/de\/wp-json\/wp\/v2\/comments?post=226489"}],"wp:featuredmedia":[{"embeddable":true,"href":"https:\/\/www.tools4grill.nl\/de\/wp-json\/wp\/v2\/media\/984"}],"wp:attachment":[{"href":"https:\/\/www.tools4grill.nl\/de\/wp-json\/wp\/v2\/media?parent=226489"}],"wp:term":[{"taxonomy":"product_brand","embeddable":true,"href":"https:\/\/www.tools4grill.nl\/de\/wp-json\/wp\/v2\/product_brand?post=226489"},{"taxonomy":"product_cat","embeddable":true,"href":"https:\/\/www.tools4grill.nl\/de\/wp-json\/wp\/v2\/product_cat?post=226489"},{"taxonomy":"product_tag","embeddable":true,"href":"https:\/\/www.tools4grill.nl\/de\/wp-json\/wp\/v2\/product_tag?post=226489"}],"curies":[{"name":"wp","href":"https:\/\/api.w.org\/{rel}","templated":true}]}}