{"id":226486,"date":"2023-07-13T21:41:16","date_gmt":"2023-07-13T19:41:16","guid":{"rendered":"https:\/\/www.tools4grill.nl\/product\/halbmondfoermige-deflektorplatten-38-cm-2er-set-23-zoll-kamado\/"},"modified":"2023-07-13T21:41:16","modified_gmt":"2023-07-13T19:41:16","slug":"halbmondfoermige-deflektorplatten-38-cm-2er-set-23-zoll-kamado","status":"publish","type":"product","link":"https:\/\/www.tools4grill.nl\/de\/produkt\/halbmondfoermige-deflektorplatten-38-cm-2er-set-23-zoll-kamado\/","title":{"rendered":"Halbmondf\u00f6rmige Deflektorplatten, 38 cm, 2er-Set, 23 Zoll Kamado"},"content":{"rendered":"<p><strong>Halbmondf\u00f6rmige Deflektorplatten f\u00fcr Kamado &#8211; Perfekt f\u00fcr kontrolliertes indirektes Grillen<\/strong><\/p>\n<p>Diese halbmondf\u00f6rmigen Deflektorplatten sind speziell f\u00fcr die Verwendung mit einem Plattenaufsatz oder einem Divide &amp; Conquer-System konzipiert und bieten Ihnen maximale Flexibilit\u00e4t beim Grillen auf Ihrem Kamado. Mit diesen Platten k\u00f6nnen Sie m\u00fchelos zwischen direktem und indirektem Grillen wechseln und die direkte Hitze gezielt nur auf eine Seite Ihres Kamado anwenden. So k\u00f6nnen Sie Gerichte gleichzeitig auf unterschiedliche Weise zubereiten.  <\/p>\n<p>Verwenden Sie eine halbmondf\u00f6rmige Deflektorplatte, um die Hitze auf einer Seite Ihres Kamado abzuschirmen, w\u00e4hrend die andere Seite perfekte Grillstreifen auf Ihrem Fleisch oder Gem\u00fcse erzeugt. Dies ist ideal, wenn Sie beispielsweise ein saftiges Steak auf einer Seite scharf anbraten und es auf der anderen Seite langsam und ohne \u00fcberm\u00e4\u00dfige Hitze weitergaren m\u00f6chten. Das System eignet sich auch hervorragend zur gleichzeitigen Zubereitung mehrerer Gerichte mit unterschiedlichen Temperaturen und Garmethoden, beispielsweise zum Grillen eines Gem\u00fcsegerichts und eines St\u00fccks Fleisch gleichzeitig.  <\/p>\n<p>Diese Deflektorplatten erm\u00f6glichen pr\u00e4zises Grillen und eignen sich perfekt zum Schmoren, R\u00e4uchern oder kontrollierten indirekten Garen. Kurz gesagt: ein unverzichtbares Zubeh\u00f6r f\u00fcr jeden Kamado-Liebhaber, der sich mehr Vielseitigkeit und Komfort beim Grillen w\u00fcnscht. <\/p>\n<p>&nbsp;<\/p>\n<p>Dieses 2-teilige Set hat die Ma\u00dfe 38x19x1cm.<\/p>\n<p>&nbsp;<\/p>\n<p>Bitte beachten Sie: Diese Halbmondplatten bestehen aus Cordierit-Keramik und sind daher hitzebest\u00e4ndig und besonders robust. Achten Sie darauf, dass die Halbmondplatten zusammen mit dem Kamado von Beginn des Anz\u00fcndens an erhitzt werden. Werden sie in einen bereits hei\u00dfen Kamado gelegt, kann der Temperaturunterschied zu Rissen f\u00fchren.  <\/p>\n<p>Die halbmondf\u00f6rmigen Teller d\u00fcrfen niemals mit Wasser gereinigt werden. Die Keramik kann Wasser aufnehmen, was dem Material schaden kann. <\/p>\n","protected":false},"excerpt":{"rendered":"<p>Halbmondf\u00f6rmige Deflektorplatten f\u00fcr Kamado &#8211; Perfekt f\u00fcr kontrolliertes indirektes Grillen Diese halbmondf\u00f6rmigen Deflektorplatten sind speziell f\u00fcr die Verwendung mit einem Plattenaufsatz oder einem Divide &amp; Conquer-System konzipiert und bieten Ihnen maximale Flexibilit\u00e4t beim Grillen auf Ihrem Kamado. Mit diesen Platten k\u00f6nnen Sie m\u00fchelos zwischen direktem und indirektem Grillen wechseln und die direkte Hitze gezielt nur [&hellip;]<\/p>\n","protected":false},"featured_media":223502,"comment_status":"open","ping_status":"closed","template":"","meta":{"_et_pb_use_builder":"","_et_pb_old_content":"","_et_gb_content_width":""},"product_brand":[],"product_cat":[190,158],"product_tag":[],"class_list":{"0":"post-226486","1":"product","2":"type-product","3":"status-publish","4":"has-post-thumbnail","6":"product_cat-23-zoll","7":"product_cat-hitzeabweiser","9":"first","10":"instock","11":"taxable","12":"shipping-taxable","13":"purchasable","14":"product-type-simple"},"_links":{"self":[{"href":"https:\/\/www.tools4grill.nl\/de\/wp-json\/wp\/v2\/product\/226486","targetHints":{"allow":["GET"]}}],"collection":[{"href":"https:\/\/www.tools4grill.nl\/de\/wp-json\/wp\/v2\/product"}],"about":[{"href":"https:\/\/www.tools4grill.nl\/de\/wp-json\/wp\/v2\/types\/product"}],"replies":[{"embeddable":true,"href":"https:\/\/www.tools4grill.nl\/de\/wp-json\/wp\/v2\/comments?post=226486"}],"wp:featuredmedia":[{"embeddable":true,"href":"https:\/\/www.tools4grill.nl\/de\/wp-json\/wp\/v2\/media\/223502"}],"wp:attachment":[{"href":"https:\/\/www.tools4grill.nl\/de\/wp-json\/wp\/v2\/media?parent=226486"}],"wp:term":[{"taxonomy":"product_brand","embeddable":true,"href":"https:\/\/www.tools4grill.nl\/de\/wp-json\/wp\/v2\/product_brand?post=226486"},{"taxonomy":"product_cat","embeddable":true,"href":"https:\/\/www.tools4grill.nl\/de\/wp-json\/wp\/v2\/product_cat?post=226486"},{"taxonomy":"product_tag","embeddable":true,"href":"https:\/\/www.tools4grill.nl\/de\/wp-json\/wp\/v2\/product_tag?post=226486"}],"curies":[{"name":"wp","href":"https:\/\/api.w.org\/{rel}","templated":true}]}}