{"id":226483,"date":"2023-07-13T21:38:27","date_gmt":"2023-07-13T19:38:27","guid":{"rendered":"https:\/\/www.tools4grill.nl\/product\/hitzebestaendige-handschuhe\/"},"modified":"2023-07-13T21:38:27","modified_gmt":"2023-07-13T19:38:27","slug":"hitzebestaendige-handschuhe","status":"publish","type":"product","link":"https:\/\/www.tools4grill.nl\/de\/produkt\/hitzebestaendige-handschuhe\/","title":{"rendered":"Hitzebest\u00e4ndige Handschuhe"},"content":{"rendered":"<div class=\"flex-1 overflow-hidden\">\n<div class=\"react-scroll-to-bottom--css-gqwes-79elbk h-full dark:bg-gray-800\">\n<div class=\"react-scroll-to-bottom--css-gqwes-1n7m0yu\">\n<div class=\"flex flex-col text-sm dark:bg-gray-800\">\n<div class=\"group final-completion w-full text-token-text-primary border-b border-black\/10 gizmo:border-0 dark:border-gray-900\/50 gizmo:dark:border-0 bg-gray-50 gizmo:bg-transparent dark:bg-[#444654] gizmo:dark:bg-transparent\" data-testid=\"conversation-turn-7\">\n<div class=\"p-4 justify-center text-base md:gap-6 md:py-6 m-auto\">\n<div class=\"flex flex-1 gap-4 text-base mx-auto md:gap-6 gizmo:gap-3 gizmo:md:px-5 gizmo:lg:px-1 gizmo:xl:px-5 md:max-w-2xl lg:max-w-[38rem] gizmo:md:max-w-3xl gizmo:lg:max-w-[40rem] gizmo:xl:max-w-[48rem] xl:max-w-3xl }\">\n<div class=\"flex-shrink-0 flex flex-col relative items-end\">\n<div class=\"text-xs flex items-center justify-center gap-1 absolute left-0 top-2 -ml-4 -translate-x-full gizmo:top-1 gizmo:-ml-6 group:hover-visible visible\"><button class=\"dark:text-white disabled:text-gray-300 dark:disabled:text-gray-400\" disabled><\/button>Diese hitzebest\u00e4ndigen Handschuhe von Tools4Grill sind unverzichtbar f\u00fcr den Umgang mit hei\u00dfen Gegenst\u00e4nden und sch\u00fctzen Ihre H\u00e4nde und Handgelenke vor den hohen Temperaturen beim Grillen und Kochen. Sie bieten nicht nur Sicherheit, sondern auch zus\u00e4tzlichen Komfort und mehr Flexibilit\u00e4t bei der Zubereitung von Speisen. <\/div>\n<\/div>\n<div class=\"relative flex w-[calc(100%-50px)] flex-col gizmo:w-full lg:w-[calc(100%-115px)] agent-turn\">\n<div class=\"flex-col gap-1 md:gap-3\">\n<div class=\"flex flex-grow flex-col gap-3 max-w-full\">\n<div class=\"min-h-[20px] flex flex-col items-start gap-3 whitespace-pre-wrap break-words overflow-x-auto\">\n<div class=\"markdown prose w-full break-words dark:prose-invert light\">\n<ol>\n<li>Material und Dichte: Die Handschuhe bestehen aus hochdichtem Material, wodurch sie best\u00e4ndig gegen hohe Temperaturen und Schnitte sind.<\/li>\n<li>Rutschfeste Silikonschicht: Die Oberfl\u00e4che der Handschuhe ist mit einer rutschfesten Silikonschicht \u00fcberzogen, die auch bei hohen Temperaturen f\u00fcr einen guten Halt sorgt.<\/li>\n<li>Benutzerfreundlichkeit: Die Handschuhe sind stabil und f\u00fcr die Verwendung mit K\u00fcchenutensilien wie Zangen, Herdplatten, Back\u00f6fen und anderen K\u00fcchenger\u00e4ten konzipiert. Das ergonomische Design und die Flexibilit\u00e4t bieten ausreichend Bewegungsfreiheit f\u00fcr Ihre Finger. <\/li>\n<li><strong>Bescherming voor de Pols<\/strong>: Met een lengte van 34 cm bieden de handschoenen bescherming voor je polsen, waardoor je diep in ovens of barbecues kunt gaan zonder je zorgen te maken over de hoge temperaturen.<\/li>\n<li>Doppelseitiges Design: Die Handschuhe verf\u00fcgen \u00fcber ein doppelseitiges Design mit Silikon auf beiden Seiten, sodass sie sowohl f\u00fcr die linke als auch f\u00fcr die rechte Hand geeignet sind.<\/li>\n<li>Innenschicht: Die Innenschicht der Handschuhe besteht aus Polyester-Baumwolle und bietet eine gute Schwei\u00dfabsorption, einen komfortablen Griff und ist hautfreundlich.<\/li>\n<li>Hitzebest\u00e4ndigkeit: Die Handschuhe sind hitzebest\u00e4ndig und halten unterschiedlichen Temperaturen \u00fcber verschiedene Zeitr\u00e4ume stand:\n<ul>\n<li>Bis zu 100 Grad Celsius f\u00fcr 55 bis 68 Sekunden.<\/li>\n<li>Bis zu 250 Grad Celsius f\u00fcr 21 bis 23 Sekunden.<\/li>\n<li>Bis zu 350 Grad Celsius f\u00fcr 16 bis 18 Sekunden.<\/li>\n<li>Tot 500 graden Celsius voor 12 tot 15 seconden.<\/li>\n<li>Bis zu 800 Grad Celsius f\u00fcr 7 bis 10 Sekunden.<\/li>\n<\/ul>\n<\/li>\n<\/ol>\n<p>Diese Handschuhe scheinen sehr gut geeignet f\u00fcr den Einsatz in der K\u00fcche, beim Grillen und f\u00fcr andere Kochanwendungen, bei denen man Schutz vor Hitze und einen guten Griff ben\u00f6tigt.<\/p>\n<\/div>\n<\/div>\n<\/div>\n<\/div>\n<\/div>\n<\/div>\n<\/div>\n<\/div>\n<\/div>\n<\/div>\n<\/div>\n<\/div>\n","protected":false},"excerpt":{"rendered":"<p>Diese hitzebest\u00e4ndigen Handschuhe von Tools4Grill sind unverzichtbar f\u00fcr den Umgang mit hei\u00dfen Gegenst\u00e4nden und sch\u00fctzen Ihre H\u00e4nde und Handgelenke vor den hohen Temperaturen beim Grillen und Kochen. Sie bieten nicht nur Sicherheit, sondern auch zus\u00e4tzlichen Komfort und mehr Flexibilit\u00e4t bei der Zubereitung von Speisen. Material und Dichte: Die Handschuhe bestehen aus hochdichtem Material, wodurch sie [&hellip;]<\/p>\n","protected":false},"featured_media":223500,"comment_status":"open","ping_status":"closed","template":"","meta":{"_et_pb_use_builder":"","_et_pb_old_content":"","_et_gb_content_width":""},"product_brand":[],"product_cat":[192,191,194,193,128,190,184,112,140],"product_tag":[],"class_list":{"0":"post-226483","1":"product","2":"type-product","3":"status-publish","4":"has-post-thumbnail","6":"product_cat-15-16-zoll","7":"product_cat-15-zoll","8":"product_cat-18-zoll","9":"product_cat-20-zoll","10":"product_cat-21-zoll","11":"product_cat-23-zoll","12":"product_cat-accessoires-nach-grose","13":"product_cat-andere","14":"product_cat-kuchenzubehor","16":"first","17":"instock","18":"taxable","19":"shipping-taxable","20":"purchasable","21":"product-type-simple"},"_links":{"self":[{"href":"https:\/\/www.tools4grill.nl\/de\/wp-json\/wp\/v2\/product\/226483","targetHints":{"allow":["GET"]}}],"collection":[{"href":"https:\/\/www.tools4grill.nl\/de\/wp-json\/wp\/v2\/product"}],"about":[{"href":"https:\/\/www.tools4grill.nl\/de\/wp-json\/wp\/v2\/types\/product"}],"replies":[{"embeddable":true,"href":"https:\/\/www.tools4grill.nl\/de\/wp-json\/wp\/v2\/comments?post=226483"}],"wp:featuredmedia":[{"embeddable":true,"href":"https:\/\/www.tools4grill.nl\/de\/wp-json\/wp\/v2\/media\/223500"}],"wp:attachment":[{"href":"https:\/\/www.tools4grill.nl\/de\/wp-json\/wp\/v2\/media?parent=226483"}],"wp:term":[{"taxonomy":"product_brand","embeddable":true,"href":"https:\/\/www.tools4grill.nl\/de\/wp-json\/wp\/v2\/product_brand?post=226483"},{"taxonomy":"product_cat","embeddable":true,"href":"https:\/\/www.tools4grill.nl\/de\/wp-json\/wp\/v2\/product_cat?post=226483"},{"taxonomy":"product_tag","embeddable":true,"href":"https:\/\/www.tools4grill.nl\/de\/wp-json\/wp\/v2\/product_tag?post=226483"}],"curies":[{"name":"wp","href":"https:\/\/api.w.org\/{rel}","templated":true}]}}