{"id":226470,"date":"2022-10-06T21:58:55","date_gmt":"2022-10-06T19:58:55","guid":{"rendered":"https:\/\/www.tools4grill.nl\/product\/5-in-1-messerschaerfer\/"},"modified":"2022-10-06T21:58:55","modified_gmt":"2022-10-06T19:58:55","slug":"5-in-1-messerschaerfer","status":"publish","type":"product","link":"https:\/\/www.tools4grill.nl\/de\/produkt\/5-in-1-messerschaerfer\/","title":{"rendered":"5-in-1 Messersch\u00e4rfer"},"content":{"rendered":"<p>Mit diesem Messersch\u00e4rfer von Tools4Grill halten Sie Ihre Messer und Scheren m\u00fchelos scharf. Dank des 3-Stufen-Systems repariert und begradigt eine Diamantschiene besch\u00e4digte Klingen schonend. Sogar Keramikmesser lassen sich damit sch\u00e4rfen! Anschlie\u00dfend sorgt Wolframstahl f\u00fcr einen Grobschliff, der die Klinge wieder in ihre V-Form bringt, bevor die dritte Schiene f\u00fcr ein perfektes Finish sorgt.  <\/p>\n<p>Mit unserem Messersch\u00e4rfer k\u00f6nnen Sie K\u00fcchenmesser, Taschenmesser f\u00fcr die Jagd und Messer jeder Gr\u00f6\u00dfe, Form und Art sch\u00e4rfen.<\/p>\n<p>Hochwertiges Design<br \/>\nDer Gummigriff liegt angenehm in der Hand und das moderne Design passt in jede K\u00fcche.<\/p>\n<p>4-stufiger Messersch\u00e4rfer<br \/>\nDieser Messersch\u00e4rfer nutzt ein 4-stufiges Verfahren, um Ihre Messer schnell und in nur 3-4 Z\u00fcgen zu sch\u00e4rfen, ohne dass Sie sich Gedanken \u00fcber den richtigen Winkel machen m\u00fcssen.<\/p>\n<p>Verhindern Sie versehentliche Schnitte.<br \/>\nDer K\u00fcchenmessersch\u00e4rfer verf\u00fcgt \u00fcber einen Gummifu\u00df f\u00fcr maximale Stabilit\u00e4t und einen langen Griff, der Ihre Hand von der Klinge fernh\u00e4lt. Ein Schutzhandschuh ist ebenfalls enthalten. <\/p>\n<p>Eigenschaften<br \/>&#8211; Die extrem scharfe Schneide eignet sich perfekt f\u00fcr alle Arten von Messern.<\/p>\n<p>&#8211; Ergonomisch geformter Griff<\/p>\n<p>&#8211; Rutschfeste Unterseite f\u00fcr Stabilit\u00e4t beim Schleifen<\/p>\n<p>&#8211; Hergestellt aus robustem ABS-Kunststoff, stark und langlebig.<br \/>\n<strong> <\/strong><\/p>\n","protected":false},"excerpt":{"rendered":"<p>Mit diesem Messersch\u00e4rfer von Tools4Grill halten Sie Ihre Messer und Scheren m\u00fchelos scharf. Dank des 3-Stufen-Systems repariert und begradigt eine Diamantschiene besch\u00e4digte Klingen schonend. Sogar Keramikmesser lassen sich damit sch\u00e4rfen! Anschlie\u00dfend sorgt Wolframstahl f\u00fcr einen Grobschliff, der die Klinge wieder in ihre V-Form bringt, bevor die dritte Schiene f\u00fcr ein perfektes Finish sorgt. Mit unserem [&hellip;]<\/p>\n","protected":false},"featured_media":1017,"comment_status":"open","ping_status":"closed","template":"","meta":{"_et_pb_use_builder":"","_et_pb_old_content":"","_et_gb_content_width":""},"product_brand":[],"product_cat":[112,140],"product_tag":[299,297,295,296,298],"class_list":{"0":"post-226470","1":"product","2":"type-product","3":"status-publish","4":"has-post-thumbnail","6":"product_cat-andere","7":"product_cat-kuchenzubehor","8":"product_tag-auplex","9":"product_tag-das-echte-ei","10":"product_tag-der-bastard","11":"product_tag-grillguru","12":"product_tag-kamado-joe","14":"first","15":"instock","16":"taxable","17":"shipping-taxable","18":"purchasable","19":"product-type-simple"},"_links":{"self":[{"href":"https:\/\/www.tools4grill.nl\/de\/wp-json\/wp\/v2\/product\/226470","targetHints":{"allow":["GET"]}}],"collection":[{"href":"https:\/\/www.tools4grill.nl\/de\/wp-json\/wp\/v2\/product"}],"about":[{"href":"https:\/\/www.tools4grill.nl\/de\/wp-json\/wp\/v2\/types\/product"}],"replies":[{"embeddable":true,"href":"https:\/\/www.tools4grill.nl\/de\/wp-json\/wp\/v2\/comments?post=226470"}],"wp:featuredmedia":[{"embeddable":true,"href":"https:\/\/www.tools4grill.nl\/de\/wp-json\/wp\/v2\/media\/1017"}],"wp:attachment":[{"href":"https:\/\/www.tools4grill.nl\/de\/wp-json\/wp\/v2\/media?parent=226470"}],"wp:term":[{"taxonomy":"product_brand","embeddable":true,"href":"https:\/\/www.tools4grill.nl\/de\/wp-json\/wp\/v2\/product_brand?post=226470"},{"taxonomy":"product_cat","embeddable":true,"href":"https:\/\/www.tools4grill.nl\/de\/wp-json\/wp\/v2\/product_cat?post=226470"},{"taxonomy":"product_tag","embeddable":true,"href":"https:\/\/www.tools4grill.nl\/de\/wp-json\/wp\/v2\/product_tag?post=226470"}],"curies":[{"name":"wp","href":"https:\/\/api.w.org\/{rel}","templated":true}]}}