{"id":226451,"date":"2022-09-08T22:17:20","date_gmt":"2022-09-08T20:17:20","guid":{"rendered":"https:\/\/www.tools4grill.nl\/product\/halbrundes-gusseisernes-backblech-445-cm\/"},"modified":"2022-09-08T22:17:20","modified_gmt":"2022-09-08T20:17:20","slug":"halbrundes-gusseisernes-backblech-445-cm","status":"publish","type":"product","link":"https:\/\/www.tools4grill.nl\/de\/produkt\/halbrundes-gusseisernes-backblech-445-cm\/","title":{"rendered":"Halbrundes gusseisernes Backblech 44,5 cm"},"content":{"rendered":"<article class=\"w-full text-token-text-primary focus-visible:outline-2 focus-visible:outline-offset-[-4px]\" dir=\"auto\">\n<div class=\"text-base py-[18px] px-3 md:px-4 m-auto w-full md:px-5 lg:px-1 xl:px-5\">\n<div class=\"mx-auto flex flex-1 gap-4 text-base md:gap-5 lg:gap-6 md:max-w-3xl lg:max-w-[40rem] xl:max-w-[48rem]\">\n<div class=\"group\/conversation-turn relative flex w-full min-w-0 flex-col agent-turn\">\n<div class=\"flex-col gap-1 md:gap-3\">\n<div class=\"flex max-w-full flex-col flex-grow\">\n<div class=\"min-h-[20px] text-message flex w-full flex-col items-end gap-2 whitespace-normal break-words [.text-message+&amp;]:mt-5\" dir=\"auto\">\n<div class=\"flex w-full flex-col gap-1 empty:hidden first:pt-[3px]\">\n<div class=\"markdown prose w-full break-words dark:prose-invert light\">\n<p>Mit dieser Tools4Grill Grillplatte erweitern Sie Ihre Grillm\u00f6glichkeiten im Handumdrehen und haben vielf\u00e4ltige Optionen zum Grillen und Backen. Die Platte eignet sich f\u00fcr alle Fleischsorten, ist aber auch ideal f\u00fcr Gem\u00fcse und kleinere Zutaten, die sonst durch den Rost fallen w\u00fcrden. Sie ist beidseitig verwendbar: Eine Seite ist glatt, die andere geriffelt.  <\/p>\n<p>Ein gro\u00dfer Vorteil von Gusseisen ist seine h\u00f6here Hitzebest\u00e4ndigkeit im Vergleich zu herk\u00f6mmlichen Grillrosten. Das Material leitet W\u00e4rme hervorragend und verteilt sie gleichm\u00e4\u00dfig. Zudem speichert Gusseisen die Hitze l\u00e4nger und minimiert so Temperaturschwankungen, selbst beim Auflegen von Fleisch. Dies garantiert optimale Grillergebnisse mit sch\u00f6nen Grillstreifen und perfekt angebratenem Fleisch. Dank der Robustheit von Gusseisen lassen sich auch gr\u00f6\u00dfere Fleischst\u00fccke problemlos zubereiten.    <\/p>\n<p>Die halbkreisf\u00f6rmige Platte hat die Abmessungen 44,5 x 22 cm.<\/p>\n<p>Zum Reinigen der gusseisernen Grillplatte verwenden Sie am besten ein weiches Tuch oder einen Schwamm mit etwas Wasser. Ist die Platte stark verschmutzt, k\u00f6nnen Sie etwas Sp\u00fclmittel hinzuf\u00fcgen. Sp\u00fclen Sie die Platte anschlie\u00dfend gr\u00fcndlich ab, um alle Sp\u00fclmittelreste zu entfernen. Vermeiden Sie scharfe Reinigungsmittel und harte Schw\u00e4mme, um die Qualit\u00e4t der Platte zu erhalten.    <\/p>\n<\/div>\n<\/div>\n<\/div>\n<\/div>\n<\/div>\n<\/div>\n<\/div>\n<\/div>\n<\/article>\n<p>&nbsp;<\/p>\n<p><strong>F\u00fcr ein perfektes Grillfest ist gutes Equipment nat\u00fcrlich unerl\u00e4sslich! Tools4Grill hat daher eine Auswahl an Produkten von Herstellern mit langj\u00e4hriger weltweiter Erfahrung in der Entwicklung und Produktion von Grillzubeh\u00f6r zusammengestellt \u2013 Qualit\u00e4t steht bei uns an erster Stelle. Sie brauchen sich also keine Sorgen zu machen! <\/strong><\/p>\n<p><strong>Unsere Produkte wurden ausf\u00fchrlich getestet und erf\u00fcllen alle Qualit\u00e4tsanforderungen.<\/strong><br \/>\n<strong>Das Sortiment ist exklusiv \u00fcber Bol.com und auf unserer eigenen Website erh\u00e4ltlich und wird st\u00e4ndig um neue, preisg\u00fcnstige Produkte in A-Qualit\u00e4t erweitert.<\/strong><\/p>\n<p>&nbsp;<\/p>\n<p>Unser Zubeh\u00f6r ist universell kompatibel mit allen g\u00e4ngigen Marken wie Big Green Egg, The Basterd, Grill Guru, The Real Egg, Kamado Joe, Auplex usw.<\/p>\n","protected":false},"excerpt":{"rendered":"<p>Mit dieser Tools4Grill Grillplatte erweitern Sie Ihre Grillm\u00f6glichkeiten im Handumdrehen und haben vielf\u00e4ltige Optionen zum Grillen und Backen. Die Platte eignet sich f\u00fcr alle Fleischsorten, ist aber auch ideal f\u00fcr Gem\u00fcse und kleinere Zutaten, die sonst durch den Rost fallen w\u00fcrden. Sie ist beidseitig verwendbar: Eine Seite ist glatt, die andere geriffelt. Ein gro\u00dfer Vorteil [&hellip;]<\/p>\n","protected":false},"featured_media":980,"comment_status":"open","ping_status":"closed","template":"","meta":{"_et_pb_use_builder":"","_et_pb_old_content":"","_et_gb_content_width":""},"product_brand":[],"product_cat":[128,164],"product_tag":[307,299,297,295,296,298],"class_list":{"0":"post-226451","1":"product","2":"type-product","3":"status-publish","4":"has-post-thumbnail","6":"product_cat-21-zoll","7":"product_cat-gusseisen","8":"product_tag-46-5-cm","9":"product_tag-auplex","10":"product_tag-das-echte-ei","11":"product_tag-der-bastard","12":"product_tag-grillguru","13":"product_tag-kamado-joe","15":"first","16":"instock","17":"taxable","18":"shipping-taxable","19":"purchasable","20":"product-type-simple"},"_links":{"self":[{"href":"https:\/\/www.tools4grill.nl\/de\/wp-json\/wp\/v2\/product\/226451","targetHints":{"allow":["GET"]}}],"collection":[{"href":"https:\/\/www.tools4grill.nl\/de\/wp-json\/wp\/v2\/product"}],"about":[{"href":"https:\/\/www.tools4grill.nl\/de\/wp-json\/wp\/v2\/types\/product"}],"replies":[{"embeddable":true,"href":"https:\/\/www.tools4grill.nl\/de\/wp-json\/wp\/v2\/comments?post=226451"}],"wp:featuredmedia":[{"embeddable":true,"href":"https:\/\/www.tools4grill.nl\/de\/wp-json\/wp\/v2\/media\/980"}],"wp:attachment":[{"href":"https:\/\/www.tools4grill.nl\/de\/wp-json\/wp\/v2\/media?parent=226451"}],"wp:term":[{"taxonomy":"product_brand","embeddable":true,"href":"https:\/\/www.tools4grill.nl\/de\/wp-json\/wp\/v2\/product_brand?post=226451"},{"taxonomy":"product_cat","embeddable":true,"href":"https:\/\/www.tools4grill.nl\/de\/wp-json\/wp\/v2\/product_cat?post=226451"},{"taxonomy":"product_tag","embeddable":true,"href":"https:\/\/www.tools4grill.nl\/de\/wp-json\/wp\/v2\/product_tag?post=226451"}],"curies":[{"name":"wp","href":"https:\/\/api.w.org\/{rel}","templated":true}]}}