{"id":226433,"date":"2022-08-24T22:11:13","date_gmt":"2022-08-24T20:11:13","guid":{"rendered":"https:\/\/www.tools4grill.nl\/product\/20-zoll-teilen-und-herrschen\/"},"modified":"2022-08-24T22:11:13","modified_gmt":"2022-08-24T20:11:13","slug":"20-zoll-teilen-und-herrschen","status":"publish","type":"product","link":"https:\/\/www.tools4grill.nl\/de\/produkt\/20-zoll-teilen-und-herrschen\/","title":{"rendered":"20 Zoll Teilen und Herrschen"},"content":{"rendered":"<p><strong>Divide &amp; Conquer Kochsystem f\u00fcr jeden Kamado-Grill: Das ultimative Zubeh\u00f6r f\u00fcr vielseitiges Kochen<\/strong><\/p>\n<p>Dit Tools4Grill flexibele roostersysteem is de perfecte accessoire om het volledige potentieel van je Kamado BBQ te benutten. Dit innovatieve multi-level kookplatform stelt je in staat om je Kamado op verschillende manieren in te richten, zodat je eenvoudig verschillende kookzones en hoogtes cre\u00ebert voor een veelzijdige kookervaring. <\/p>\n<p>Mit diesem System l\u00e4sst sich der Kamado segmentiert f\u00fcr direktes und indirektes Garen nutzen. Die halbmondf\u00f6rmigen Platteneins\u00e4tze erm\u00f6glichen indirektes Garen, w\u00e4hrend die halben Grillroste f\u00fcr eine optimale Hitzeverteilung in unterschiedlichen H\u00f6hen positioniert werden k\u00f6nnen. So gelingen Grillen, R\u00e4uchern und Schmoren pr\u00e4zise und kontrolliert.  <\/p>\n<p>Neben dem Edelstahlrahmen erhalten Sie zwei halbmondf\u00f6rmige Hitzeschilde und zwei halbe Edelstahlgrillroste sowie einen praktischen Edelstahlstern. Dieser Stern eignet sich ideal zum Aufh\u00e4ngen eines Schmortopfs oder zum Ablegen eines Pizzasteins und er\u00f6ffnet Ihnen so noch mehr M\u00f6glichkeiten f\u00fcr kulinarische Kreativit\u00e4t. <\/p>\n<p><strong>Vielseitigkeit und Benutzerfreundlichkeit<\/strong><\/p>\n<p>Das flexible Garsystem eignet sich perfekt zum Schongaren und erm\u00f6glicht es Ihnen, Gerichte langsam und indirekt bei niedrigen Temperaturen zuzubereiten. Die Keramik-Hitzeschilde sorgen daf\u00fcr, dass Ihr Kamado-Grill wie ein Backofen funktioniert, w\u00e4hrend der Platteneinsatz verhindert, dass die Flammen direkt mit Ihrem Grillgut in Ber\u00fchrung kommen. So k\u00f6nnen Sie empfindliche Gerichte wie Fisch, Brot oder Schmorbraten perfekt zubereiten, ohne dass etwas anbrennt.  <\/p>\n<p>Dieses System, auch bekannt als Multi-Level-Kochsystem, ersetzt den Standardrost des Kamado. Dar\u00fcber hinaus l\u00e4sst es sich mit verschiedenen Zubeh\u00f6rteilen erweitern, wie z. B. einer halben gusseisernen Grillplatte, einem halben gusseisernen Rost, einem Schmortopf oder einer Grillerweiterung. So k\u00f6nnen Sie Ihren Kamado optimal an die individuellen Anforderungen jedes Gerichts anpassen.  <\/p>\n<p><strong>Abmessungen und Spezifikationen<\/strong><\/p>\n<p><strong>20 Zoll: Geeignet f\u00fcr 20-Zoll-Kamados. Passend f\u00fcr Kamados mit einem Feuerring-Innendurchmesser von 35,5 bis 39 Zentimetern. Der Rost hat einen Durchmesser von 42 cm.  <\/strong><\/p>\n<p>&nbsp;<\/p>\n<p><strong>Inklusiv:<\/strong><\/p>\n<ul>\n<li>Flexibles Kochsystem mit Edelstahlrahmen<\/li>\n<li>Edelstahlstern zur Positionierung des Deflektors in verschiedenen H\u00f6hen<\/li>\n<li>2 x halbe Edelstahlroste<\/li>\n<li>2 x Keramik-Halbdeflektoren (Hitzeschilde)<\/li>\n<\/ul>\n<p><strong>Erweiterbare Optionen:<\/strong><\/p>\n<ul>\n<li>Halb gusseisernes Gitter<\/li>\n<li>Halbe Grillplatte aus Gusseisen<\/li>\n<li>Schmortopf<\/li>\n<li>Grill expander<\/li>\n<\/ul>\n<p><strong>Verf\u00fcgbare Gr\u00f6\u00dfen:<\/strong><\/p>\n<p>Dieses flexible Kochsystem ist in verschiedenen Gr\u00f6\u00dfen erh\u00e4ltlich und passt somit auf nahezu jeden Kamado-Grill. Dank seiner Erweiterungsm\u00f6glichkeiten wird Ihr Kamado zu einem vielseitigen Ger\u00e4t, mit dem Sie Gerichte wie ein wahrer Grillmeister zubereiten k\u00f6nnen. <\/p>\n<p>.<\/p>\n<p><strong>F\u00fcr ein perfektes Grillfest ist gutes Equipment nat\u00fcrlich unerl\u00e4sslich! Tools4Grill hat daher eine Auswahl an Produkten von Herstellern mit langj\u00e4hriger weltweiter Erfahrung in der Entwicklung und Produktion von Grillzubeh\u00f6r zusammengestellt \u2013 Qualit\u00e4t steht bei uns an erster Stelle. Sie brauchen sich also keine Sorgen zu machen! <\/strong><\/p>\n<p><strong>Unsere Produkte wurden ausf\u00fchrlich getestet und erf\u00fcllen alle Qualit\u00e4tsanforderungen.<\/strong><br \/>\n<strong>Das Sortiment ist exklusiv \u00fcber Bol.com und auf unserer eigenen Website erh\u00e4ltlich und wird st\u00e4ndig um neue, preisg\u00fcnstige Produkte in A-Qualit\u00e4t erweitert.<\/strong><\/p>\n<p>&nbsp;<\/p>\n<p>&nbsp;<\/p>\n","protected":false},"excerpt":{"rendered":"<p>Divide &amp; Conquer Kochsystem f\u00fcr jeden Kamado-Grill: Das ultimative Zubeh\u00f6r f\u00fcr vielseitiges Kochen Dit Tools4Grill flexibele roostersysteem is de perfecte accessoire om het volledige potentieel van je Kamado BBQ te benutten. Dit innovatieve multi-level kookplatform stelt je in staat om je Kamado op verschillende manieren in te richten, zodat je eenvoudig verschillende kookzones en hoogtes [&hellip;]<\/p>\n","protected":false},"featured_media":570,"comment_status":"open","ping_status":"closed","template":"","meta":{"_et_pb_use_builder":"","_et_pb_old_content":"","_et_gb_content_width":""},"product_brand":[],"product_cat":[193,170],"product_tag":[250,299,297,295,296,298],"class_list":{"0":"post-226433","1":"product","2":"type-product","3":"status-publish","4":"has-post-thumbnail","6":"product_cat-20-zoll","7":"product_cat-teile-und-herrsche","8":"product_tag-20-zoll","9":"product_tag-auplex","10":"product_tag-das-echte-ei","11":"product_tag-der-bastard","12":"product_tag-grillguru","13":"product_tag-kamado-joe","15":"first","16":"outofstock","17":"taxable","18":"shipping-taxable","19":"purchasable","20":"product-type-simple"},"_links":{"self":[{"href":"https:\/\/www.tools4grill.nl\/de\/wp-json\/wp\/v2\/product\/226433","targetHints":{"allow":["GET"]}}],"collection":[{"href":"https:\/\/www.tools4grill.nl\/de\/wp-json\/wp\/v2\/product"}],"about":[{"href":"https:\/\/www.tools4grill.nl\/de\/wp-json\/wp\/v2\/types\/product"}],"replies":[{"embeddable":true,"href":"https:\/\/www.tools4grill.nl\/de\/wp-json\/wp\/v2\/comments?post=226433"}],"wp:featuredmedia":[{"embeddable":true,"href":"https:\/\/www.tools4grill.nl\/de\/wp-json\/wp\/v2\/media\/570"}],"wp:attachment":[{"href":"https:\/\/www.tools4grill.nl\/de\/wp-json\/wp\/v2\/media?parent=226433"}],"wp:term":[{"taxonomy":"product_brand","embeddable":true,"href":"https:\/\/www.tools4grill.nl\/de\/wp-json\/wp\/v2\/product_brand?post=226433"},{"taxonomy":"product_cat","embeddable":true,"href":"https:\/\/www.tools4grill.nl\/de\/wp-json\/wp\/v2\/product_cat?post=226433"},{"taxonomy":"product_tag","embeddable":true,"href":"https:\/\/www.tools4grill.nl\/de\/wp-json\/wp\/v2\/product_tag?post=226433"}],"curies":[{"name":"wp","href":"https:\/\/api.w.org\/{rel}","templated":true}]}}