{"id":226432,"date":"2022-07-02T08:38:11","date_gmt":"2022-07-02T06:38:11","guid":{"rendered":"https:\/\/www.tools4grill.nl\/product\/runde-32-cm-packung-2-stueck\/"},"modified":"2022-07-02T08:38:11","modified_gmt":"2022-07-02T06:38:11","slug":"runde-32-cm-packung-2-stueck","status":"publish","type":"product","link":"https:\/\/www.tools4grill.nl\/de\/produkt\/runde-32-cm-packung-2-stueck\/","title":{"rendered":"Runde 32-cm-Packung, 2 St\u00fcck"},"content":{"rendered":"<div class=\"slot slot--description slot--seperated slot--seperated--has-more-content js_slot-description\" data-group-name=\"ProductDescription\" data-bltgg=\"sMjettOUGmexc0-ip31NVg.2_24\">\n<div data-test=\"product-description\" data-bltgi=\"sMjettOUGmexc0-ip31NVg.2_24.25\">\n<div class=\"js_show-more-description show-more\">\n<div class=\"js_show-more-holder show-more-holder show-more--l product-tracklists-show-more--animate\">\n<div class=\"js_description_content js_show-more-content\">\n<div class=\"product-description\" data-test=\"description\">Verwenden Sie diese hochwertige Antihaft-Folie zum Braten oder Grillen von Fleisch, Fisch, Gefl\u00fcgel und Gem\u00fcse. Sie ben\u00f6tigen weder Butter noch \u00d6l. Ihr Fleisch oder Gem\u00fcse br\u00e4unt wunderbar, ohne anzubrennen. Und nach dem Braten oder Grillen? Die Folie l\u00e4sst sich ganz einfach mit hei\u00dfem Wasser absp\u00fclen oder in die Sp\u00fclmaschine geben.    <\/div>\n<\/div>\n<\/div>\n<div data-test=\"description\"><\/div>\n<div data-test=\"description\"><\/div>\n<div data-test=\"description\">Geeignet f\u00fcr Backofen, Grill, Bratpfanne und Mikrowelle<\/div>\n<div class=\"js_show-more-holder show-more-holder show-more--l product-tracklists-show-more--animate\">\n<div data-test=\"description\"><\/div>\n<div data-test=\"description\">Bei Verwendung in einer Bratpfanne sch\u00fctzt diese Folie die Antihaftbeschichtung und sorgt so f\u00fcr eine deutlich verl\u00e4ngerte Lebensdauer.<\/div>\n<div data-test=\"description\">Wenn Ihre Antihaftbeschichtung bereits abgenutzt oder besch\u00e4digt ist, stellen diese Folien sicher, dass Ihre Pfanne weiterhin einwandfrei verwendbar bleibt.<\/div>\n<div class=\"js_description_content js_show-more-content\">\n<div data-test=\"description\"><\/div>\n<div class=\"product-description\" data-test=\"description\">\n<p>Durchmesser 32 cm, 2er-Packung<\/p>\n<\/div>\n<\/div>\n<\/div>\n<div class=\"show-more__fade js_show-more-button\"><\/div>\n<\/div>\n<\/div>\n<\/div>\n<div class=\"slot slot--seperated slot--seperated--has-more-content js_slot-specifications\" data-group-name=\"ProductSpecification\" data-bltgg=\"sMjettOUGmexc0-ip31NVg.2_26\">\n<div data-test=\"specifications\" data-bltgi=\"sMjettOUGmexc0-ip31NVg.2_26.27\"><a id=\"product_specifications\" class=\"slot__anchor-link\" name=\"product_specifications\"><\/a><\/div>\n<\/div>\n","protected":false},"excerpt":{"rendered":"<p>Verwenden Sie diese hochwertige Antihaft-Folie zum Braten oder Grillen von Fleisch, Fisch, Gefl\u00fcgel und Gem\u00fcse. Sie ben\u00f6tigen weder Butter noch \u00d6l. Ihr Fleisch oder Gem\u00fcse br\u00e4unt wunderbar, ohne anzubrennen. Und nach dem Braten oder Grillen? Die Folie l\u00e4sst sich ganz einfach mit hei\u00dfem Wasser absp\u00fclen oder in die Sp\u00fclmaschine geben. Geeignet f\u00fcr Backofen, Grill, Bratpfanne [&hellip;]<\/p>\n","protected":false},"featured_media":338,"comment_status":"open","ping_status":"closed","template":"","meta":{"_et_pb_use_builder":"","_et_pb_old_content":"","_et_gb_content_width":""},"product_brand":[],"product_cat":[192,191,176],"product_tag":[222,299,297,295,296,298],"class_list":{"0":"post-226432","1":"product","2":"type-product","3":"status-publish","4":"has-post-thumbnail","6":"product_cat-15-16-zoll","7":"product_cat-15-zoll","8":"product_cat-antihaftfolien","9":"product_tag-32-cm","10":"product_tag-auplex","11":"product_tag-das-echte-ei","12":"product_tag-der-bastard","13":"product_tag-grillguru","14":"product_tag-kamado-joe","16":"first","17":"instock","18":"taxable","19":"shipping-taxable","20":"purchasable","21":"product-type-simple"},"_links":{"self":[{"href":"https:\/\/www.tools4grill.nl\/de\/wp-json\/wp\/v2\/product\/226432","targetHints":{"allow":["GET"]}}],"collection":[{"href":"https:\/\/www.tools4grill.nl\/de\/wp-json\/wp\/v2\/product"}],"about":[{"href":"https:\/\/www.tools4grill.nl\/de\/wp-json\/wp\/v2\/types\/product"}],"replies":[{"embeddable":true,"href":"https:\/\/www.tools4grill.nl\/de\/wp-json\/wp\/v2\/comments?post=226432"}],"wp:featuredmedia":[{"embeddable":true,"href":"https:\/\/www.tools4grill.nl\/de\/wp-json\/wp\/v2\/media\/338"}],"wp:attachment":[{"href":"https:\/\/www.tools4grill.nl\/de\/wp-json\/wp\/v2\/media?parent=226432"}],"wp:term":[{"taxonomy":"product_brand","embeddable":true,"href":"https:\/\/www.tools4grill.nl\/de\/wp-json\/wp\/v2\/product_brand?post=226432"},{"taxonomy":"product_cat","embeddable":true,"href":"https:\/\/www.tools4grill.nl\/de\/wp-json\/wp\/v2\/product_cat?post=226432"},{"taxonomy":"product_tag","embeddable":true,"href":"https:\/\/www.tools4grill.nl\/de\/wp-json\/wp\/v2\/product_tag?post=226432"}],"curies":[{"name":"wp","href":"https:\/\/api.w.org\/{rel}","templated":true}]}}