{"id":226428,"date":"2026-03-21T08:18:52","date_gmt":"2026-03-21T07:18:52","guid":{"rendered":"https:\/\/www.tools4grill.nl\/product\/tools4grill-gusseisen-bratpfanne-bratpfanne-gusseisenpfanne-195-cm\/"},"modified":"2026-03-21T08:18:52","modified_gmt":"2026-03-21T07:18:52","slug":"tools4grill-gusseisen-bratpfanne-bratpfanne-gusseisenpfanne-195-cm","status":"publish","type":"product","link":"https:\/\/www.tools4grill.nl\/de\/produkt\/tools4grill-gusseisen-bratpfanne-bratpfanne-gusseisenpfanne-195-cm\/","title":{"rendered":"Tools4Grill Gusseisen-Bratpfanne \u2013 Bratpfanne \u2013 Gusseisenpfanne \u2013 19,5 cm"},"content":{"rendered":"<p>Tools4Grill Gusseisenpfanne \u2013 19,5 cm \u2013 Vielseitig \u2013 F\u00fcr Grill, Backofen, Gasherd, Induktion und Lagerfeuer<\/p>\n<p>Die Tools4Grill 19,5 cm gro\u00dfe Gusseisenpfanne ist eine kompakte und dennoch leistungsstarke Pfanne, die sich f\u00fcr nahezu jede W\u00e4rmequelle eignet. Dank des robusten Gusseisens speichert die Pfanne die Hitze optimal und verteilt sie gleichm\u00e4\u00dfig. Ideal f\u00fcr Grill, Kamado, Gasherd, Induktionskochfeld, Backofen oder sogar \u00fcber dem Lagerfeuer.  <\/p>\n<p>Mit einem Durchmesser von 19,5 cm und einer Gesamtl\u00e4nge von 31,5 cm inklusive Griff eignet sich diese Pfanne perfekt zum Braten von Fleisch, Fisch, Gem\u00fcse, Eiern oder Kartoffeln. Dank des robusten Gusseisens gart Ihr Gericht gleichm\u00e4\u00dfig und perfekt und erh\u00e4lt eine k\u00f6stliche Kruste. <\/p>\n<p>&nbsp;<\/p>\n<h3>Wichtigste Vorteile<\/h3>\n<ul>\n<li>Geeignet f\u00fcr Grill, Kamado, Gasherd, Induktionsherd, Backofen und Lagerfeuer<\/li>\n<li>Hergestellt aus schwerem und robustem Gusseisen, 1060 Gramm<\/li>\n<li>Perfekte W\u00e4rmeverteilung und W\u00e4rmespeicherung<\/li>\n<li>Kompakte Gr\u00f6\u00dfe, ideal f\u00fcr kleine Gerichte und Beilagen<\/li>\n<li>Stabiler Griff f\u00fcr sichere Handhabung<\/li>\n<\/ul>\n<h3>Abmessungen<\/h3>\n<ul>\n<li>Pfannendurchmesser: 19,5 cm<\/li>\n<li>Gesamtl\u00e4nge inklusive Stiel: 31,5 cm<\/li>\n<li>Material: Gusseisen<\/li>\n<li>Marke: Tools4Grill<\/li>\n<\/ul>\n<h3>Perfekt f\u00fcr<\/h3>\n<ul>\n<li>Kamado BBQ<\/li>\n<li>Grillen \/ Barbecue<\/li>\n<li>Gasherd<\/li>\n<li>Induktionskochfeld<\/li>\n<li>Ofen<\/li>\n<li>Lagerfeuer \/ Kochen im Freien<\/li>\n<\/ul>\n<p>Met Tools4Grill kies je voor kwaliteit, duurzaamheid en veelzijdigheid.<\/p>\n","protected":false},"excerpt":{"rendered":"<p><img decoding=\"async\" class=\"alignnone size-medium wp-image-226243\" src=\"https:\/\/www.tools4grill.nl\/wp-content\/uploads\/2026\/03\/PHOTO-2026-03-19-15-56-48-1-300x200.jpg\" alt=\"\" width=\"300\" height=\"200\"> <img decoding=\"async\" class=\"alignnone size-medium wp-image-226246\" src=\"https:\/\/www.tools4grill.nl\/wp-content\/uploads\/2026\/03\/PHOTO-2026-03-19-15-56-49-1-300x200.jpg\" alt=\"\" width=\"300\" height=\"200\"> <img decoding=\"async\" class=\"alignnone size-medium wp-image-226247\" src=\"https:\/\/www.tools4grill.nl\/wp-content\/uploads\/2026\/03\/PHOTO-2026-03-19-15-56-49-300x200.jpg\" alt=\"\" width=\"300\" height=\"200\"> <img decoding=\"async\" class=\"alignnone size-medium wp-image-226248\" src=\"https:\/\/www.tools4grill.nl\/wp-content\/uploads\/2026\/03\/steelpan-300x300.jpg\" alt=\"\" width=\"300\" height=\"300\"> <img decoding=\"async\" class=\"alignnone size-medium wp-image-226249\" src=\"https:\/\/www.tools4grill.nl\/wp-content\/uploads\/2026\/03\/steelpan2-1-300x300.jpg\" alt=\"\" width=\"300\" height=\"300\"> <img decoding=\"async\" class=\"alignnone size-medium wp-image-226250\" src=\"https:\/\/www.tools4grill.nl\/wp-content\/uploads\/2026\/03\/steelpan4-300x300.jpg\" alt=\"\" width=\"300\" height=\"300\"><\/p>\n","protected":false},"featured_media":226232,"comment_status":"open","ping_status":"closed","template":"","meta":{"_et_pb_use_builder":"","_et_pb_old_content":"","_et_gb_content_width":""},"product_brand":[],"product_cat":[192,194,193,128,190,164],"product_tag":[],"class_list":{"0":"post-226428","1":"product","2":"type-product","3":"status-publish","4":"has-post-thumbnail","6":"product_cat-15-16-zoll","7":"product_cat-18-zoll","8":"product_cat-20-zoll","9":"product_cat-21-zoll","10":"product_cat-23-zoll","11":"product_cat-gusseisen","13":"first","14":"instock","15":"taxable","16":"shipping-taxable","17":"product-type-simple"},"_links":{"self":[{"href":"https:\/\/www.tools4grill.nl\/de\/wp-json\/wp\/v2\/product\/226428","targetHints":{"allow":["GET"]}}],"collection":[{"href":"https:\/\/www.tools4grill.nl\/de\/wp-json\/wp\/v2\/product"}],"about":[{"href":"https:\/\/www.tools4grill.nl\/de\/wp-json\/wp\/v2\/types\/product"}],"replies":[{"embeddable":true,"href":"https:\/\/www.tools4grill.nl\/de\/wp-json\/wp\/v2\/comments?post=226428"}],"wp:featuredmedia":[{"embeddable":true,"href":"https:\/\/www.tools4grill.nl\/de\/wp-json\/wp\/v2\/media\/226232"}],"wp:attachment":[{"href":"https:\/\/www.tools4grill.nl\/de\/wp-json\/wp\/v2\/media?parent=226428"}],"wp:term":[{"taxonomy":"product_brand","embeddable":true,"href":"https:\/\/www.tools4grill.nl\/de\/wp-json\/wp\/v2\/product_brand?post=226428"},{"taxonomy":"product_cat","embeddable":true,"href":"https:\/\/www.tools4grill.nl\/de\/wp-json\/wp\/v2\/product_cat?post=226428"},{"taxonomy":"product_tag","embeddable":true,"href":"https:\/\/www.tools4grill.nl\/de\/wp-json\/wp\/v2\/product_tag?post=226428"}],"curies":[{"name":"wp","href":"https:\/\/api.w.org\/{rel}","templated":true}]}}