{"id":226420,"date":"2026-03-21T08:23:36","date_gmt":"2026-03-21T07:23:36","guid":{"rendered":"https:\/\/www.tools4grill.nl\/product\/gusseiserne-pfanne-255-cm\/"},"modified":"2026-03-21T08:23:36","modified_gmt":"2026-03-21T07:23:36","slug":"gusseiserne-pfanne-255-cm","status":"publish","type":"product","link":"https:\/\/www.tools4grill.nl\/de\/produkt\/gusseiserne-pfanne-255-cm\/","title":{"rendered":"Gusseiserne Pfanne 25,5 cm"},"content":{"rendered":"<p>Tools4Grill Gusseisenpfanne \u2013 25,5 cm \u2013 Vielseitig \u2013 F\u00fcr Grill, Backofen, Gasherd, Induktion und Lagerfeuer<\/p>\n<p>Die Tools4Grill 25,5 cm gro\u00dfe Gusseisenpfanne ist eine robuste und leistungsstarke Pfanne, die sich f\u00fcr nahezu jede W\u00e4rmequelle eignet. Dank des dicken und langlebigen Materials speichert und verteilt die Pfanne die Hitze optimal. Ideal f\u00fcr Grill, Kamado, Gasherd, Induktionskochfeld, Backofen oder sogar \u00fcber dem Lagerfeuer.  <\/p>\n<p>Mit einem Durchmesser von 25,5 cm und einer Gesamtl\u00e4nge von 37 cm inklusive Griff eignet sich diese Pfanne perfekt zum Braten von Fleisch, Fisch, Gem\u00fcse, Eiern oder Kartoffeln. Dank des robusten Gusseisens gart Ihr Gericht gleichm\u00e4\u00dfig und perfekt und erh\u00e4lt eine k\u00f6stliche Kruste. <\/p>\n<p>Diese Pfanne ist aus Gusseisen gefertigt und wiegt knapp 1900 Gramm, was f\u00fcr hervorragende Stabilit\u00e4t, optimale W\u00e4rmeverteilung und eine lange Lebensdauer sorgt.<\/p>\n<p>&nbsp;<\/p>\n<h3>Wichtigste Vorteile<\/h3>\n<ul>\n<li>Geeignet f\u00fcr Grill, Kamado, Gasherd, Induktionsherd, Backofen und Lagerfeuer<\/li>\n<li>Hergestellt aus schwerem und robustem Gusseisen (ca. 1900 Gramm)<\/li>\n<li>Perfekte W\u00e4rmeverteilung und W\u00e4rmespeicherung<\/li>\n<li>Sehr robuste Qualit\u00e4t f\u00fcr intensive Nutzung<\/li>\n<li>Stabiler Griff f\u00fcr sichere Handhabung<\/li>\n<\/ul>\n<h3>Abmessungen<\/h3>\n<ul>\n<li>Pfannendurchmesser: 25,5 cm<\/li>\n<li>Gesamtl\u00e4nge inklusive Stiel: 37 cm<\/li>\n<li>Gewicht: \u00b11900 gram<\/li>\n<li>Material: Gusseisen<\/li>\n<li>Marke: Tools4Grill<\/li>\n<\/ul>\n<h3>Perfekt f\u00fcr<\/h3>\n<ul>\n<li>Kamado-Grill<\/li>\n<li>Grillen \/ Barbecue<\/li>\n<li>Gasherd<\/li>\n<li>Induktionskochfeld<\/li>\n<li>Ofen<\/li>\n<li>Lagerfeuer \/ Kochen im Freien<\/li>\n<\/ul>\n","protected":false},"excerpt":{"rendered":"<p>Tools4Grill Gusseisenpfanne \u2013 25,5 cm \u2013 Vielseitig \u2013 F\u00fcr Grill, Backofen, Gasherd, Induktion und Lagerfeuer Die Tools4Grill 25,5 cm gro\u00dfe Gusseisenpfanne ist eine robuste und leistungsstarke Pfanne, die sich f\u00fcr nahezu jede W\u00e4rmequelle eignet. Dank des dicken und langlebigen Materials speichert und verteilt die Pfanne die Hitze optimal. Ideal f\u00fcr Grill, Kamado, Gasherd, Induktionskochfeld, Backofen [&hellip;]<\/p>\n","protected":false},"featured_media":226232,"comment_status":"open","ping_status":"closed","template":"","meta":{"_et_pb_use_builder":"","_et_pb_old_content":"","_et_gb_content_width":""},"product_brand":[],"product_cat":[27],"product_tag":[],"class_list":{"0":"post-226420","1":"product","2":"type-product","3":"status-publish","4":"has-post-thumbnail","6":"product_cat-overig","8":"first","9":"instock","10":"taxable","11":"shipping-taxable","12":"purchasable","13":"product-type-simple"},"_links":{"self":[{"href":"https:\/\/www.tools4grill.nl\/de\/wp-json\/wp\/v2\/product\/226420","targetHints":{"allow":["GET"]}}],"collection":[{"href":"https:\/\/www.tools4grill.nl\/de\/wp-json\/wp\/v2\/product"}],"about":[{"href":"https:\/\/www.tools4grill.nl\/de\/wp-json\/wp\/v2\/types\/product"}],"replies":[{"embeddable":true,"href":"https:\/\/www.tools4grill.nl\/de\/wp-json\/wp\/v2\/comments?post=226420"}],"wp:featuredmedia":[{"embeddable":true,"href":"https:\/\/www.tools4grill.nl\/de\/wp-json\/wp\/v2\/media\/226232"}],"wp:attachment":[{"href":"https:\/\/www.tools4grill.nl\/de\/wp-json\/wp\/v2\/media?parent=226420"}],"wp:term":[{"taxonomy":"product_brand","embeddable":true,"href":"https:\/\/www.tools4grill.nl\/de\/wp-json\/wp\/v2\/product_brand?post=226420"},{"taxonomy":"product_cat","embeddable":true,"href":"https:\/\/www.tools4grill.nl\/de\/wp-json\/wp\/v2\/product_cat?post=226420"},{"taxonomy":"product_tag","embeddable":true,"href":"https:\/\/www.tools4grill.nl\/de\/wp-json\/wp\/v2\/product_tag?post=226420"}],"curies":[{"name":"wp","href":"https:\/\/api.w.org\/{rel}","templated":true}]}}