{"id":226165,"date":"2022-06-12T00:24:32","date_gmt":"2022-06-11T22:24:32","guid":{"rendered":"https:\/\/www.tools4grill.nl\/product\/keramischer-hitzeschutz-plattenhalter-fuer-23-25-zoll-kamado-52-cm\/"},"modified":"2022-06-12T00:24:32","modified_gmt":"2022-06-11T22:24:32","slug":"keramischer-hitzeschutz-plattenhalter-fuer-23-25-zoll-kamado-52-cm","status":"publish","type":"product","link":"https:\/\/www.tools4grill.nl\/de\/produkt\/keramischer-hitzeschutz-plattenhalter-fuer-23-25-zoll-kamado-52-cm\/","title":{"rendered":"Keramischer Hitzeschutz \/ Plattenhalter f\u00fcr 23\/25 Zoll Kamado 52 cm"},"content":{"rendered":"<p>Dieser Keramik-Grillplatteneinsatz von Tools4grill sorgt f\u00fcr indirekte Hitze. Er fungiert als Hitzeschild, f\u00e4ngt die direkte Hitze auf und verteilt sie gleichm\u00e4\u00dfig im Grill und auf dem Grillstein, sodass Ihr Grillgut gleichm\u00e4\u00dfig gart. Der Platteneinsatz eignet sich au\u00dferdem hervorragend als Pizzastein.  <\/p>\n<p>Dieser Hitzeschutz hat einen Durchmesser von 52 cm und eine H\u00f6he von 8 cm.<\/p>\n<p>Unser Zubeh\u00f6r ist universell kompatibel mit allen g\u00e4ngigen Marken wie Big Green Egg, The Basterd, Grill Guru, The Real Egg, Kamado Joe, Auplex usw.<\/p>\n<p>&nbsp;<\/p>\n","protected":false},"excerpt":{"rendered":"<p>Dieser Keramik-Grillplatteneinsatz von Tools4grill sorgt f\u00fcr indirekte Hitze. Er fungiert als Hitzeschild, f\u00e4ngt die direkte Hitze auf und verteilt sie gleichm\u00e4\u00dfig im Grill und auf dem Grillstein, sodass Ihr Grillgut gleichm\u00e4\u00dfig gart. Der Platteneinsatz eignet sich au\u00dferdem hervorragend als Pizzastein. Dieser Hitzeschutz hat einen Durchmesser von 52 cm und eine H\u00f6he von 8 cm. Unser [&hellip;]<\/p>\n","protected":false},"featured_media":535,"comment_status":"open","ping_status":"closed","template":"","meta":{"_et_pb_use_builder":"","_et_pb_old_content":"","_et_gb_content_width":""},"product_brand":[],"product_cat":[190,158],"product_tag":[254,313,299,297,295,296,298],"class_list":{"0":"post-226165","1":"product","2":"type-product","3":"status-publish","4":"has-post-thumbnail","6":"product_cat-23-zoll","7":"product_cat-hitzeabweiser","8":"product_tag-23-25-zoll","9":"product_tag-52-cm","10":"product_tag-auplex","11":"product_tag-das-echte-ei","12":"product_tag-der-bastard","13":"product_tag-grillguru","14":"product_tag-kamado-joe","16":"first","17":"instock","18":"taxable","19":"shipping-taxable","20":"purchasable","21":"product-type-simple"},"_links":{"self":[{"href":"https:\/\/www.tools4grill.nl\/de\/wp-json\/wp\/v2\/product\/226165","targetHints":{"allow":["GET"]}}],"collection":[{"href":"https:\/\/www.tools4grill.nl\/de\/wp-json\/wp\/v2\/product"}],"about":[{"href":"https:\/\/www.tools4grill.nl\/de\/wp-json\/wp\/v2\/types\/product"}],"replies":[{"embeddable":true,"href":"https:\/\/www.tools4grill.nl\/de\/wp-json\/wp\/v2\/comments?post=226165"}],"wp:featuredmedia":[{"embeddable":true,"href":"https:\/\/www.tools4grill.nl\/de\/wp-json\/wp\/v2\/media\/535"}],"wp:attachment":[{"href":"https:\/\/www.tools4grill.nl\/de\/wp-json\/wp\/v2\/media?parent=226165"}],"wp:term":[{"taxonomy":"product_brand","embeddable":true,"href":"https:\/\/www.tools4grill.nl\/de\/wp-json\/wp\/v2\/product_brand?post=226165"},{"taxonomy":"product_cat","embeddable":true,"href":"https:\/\/www.tools4grill.nl\/de\/wp-json\/wp\/v2\/product_cat?post=226165"},{"taxonomy":"product_tag","embeddable":true,"href":"https:\/\/www.tools4grill.nl\/de\/wp-json\/wp\/v2\/product_tag?post=226165"}],"curies":[{"name":"wp","href":"https:\/\/api.w.org\/{rel}","templated":true}]}}