{"id":226135,"date":"2021-07-04T13:31:59","date_gmt":"2021-07-04T11:31:59","guid":{"rendered":"https:\/\/www.tools4grill.nl\/product\/drehspiess-60-cm-aussenmasse\/"},"modified":"2021-07-04T13:31:59","modified_gmt":"2021-07-04T11:31:59","slug":"drehspiess-60-cm-aussenmasse","status":"publish","type":"product","link":"https:\/\/www.tools4grill.nl\/de\/produkt\/drehspiess-60-cm-aussenmasse\/","title":{"rendered":"Drehspie\u00df 60 cm (Au\u00dfenma\u00dfe)"},"content":{"rendered":"<h2 id=\"product_description\" class=\"slot__title mt-0\" data-test=\"title\">Produktbeschreibung<\/h2>\n<div class=\"js_show-more-description show-more active\">\n<div class=\"js_show-more-holder show-more-holder show-more--l product-tracklists-show-more--animate\">\n<div class=\"js_description_content js_show-more-content\">\n<div class=\"product-description\" data-test=\"description\">\n<p><strong>Tools4Grill Kamado-Drehspie\u00df \u2013 F\u00fcr perfekt gegrillte Gerichte<\/strong><\/p>\n<p>Vervollst\u00e4ndigen Sie Ihren Kamado oder Grill mit dem Tools4Grill Drehspie\u00df! Ob Sie Lust auf ein k\u00f6stliches, knuspriges H\u00e4hnchen, eine saftige Picanha oder sogar einen zarten Gyros vom Spie\u00df haben \u2013 die M\u00f6glichkeiten sind grenzenlos. Dieser Drehspie\u00df ist mit einem leistungsstarken Motor ausgestattet, der bis zu 20 kg Fleisch gleichm\u00e4\u00dfig rotiert und so f\u00fcr gleichm\u00e4\u00dfiges Garen sorgt und das Anbrennen Ihrer Gerichte verhindert.  <\/p>\n<p>Speziell f\u00fcr Kamado-Grills entwickelt<br \/>\nDas einzigartige Design des Tools4Grill-Rotisserierings sorgt f\u00fcr einen vollst\u00e4ndig abgedichteten Kamado-Grill w\u00e4hrend der Verwendung des Rotisserierings. Dadurch wird die Hitze optimal im Grill gehalten, was f\u00fcr ein saftiges und zartes Ergebnis unerl\u00e4sslich ist. Zudem verhindert der abgedichtete Grill, dass Fleischsaft verloren geht und verleiht Ihrem Gericht noch mehr Geschmack.  <\/p>\n<p>Langlebig und universell einsetzbar<br \/>\nDer Tools4Grill-Drehspie\u00df ist universell f\u00fcr verschiedene Grills mit einem Innendurchmesser von 48 bis 56 cm geeignet. Die mitgelieferten Spie\u00dfe und Gabeln sind aus hochwertigem Edelstahl gefertigt und daher besonders langlebig und hitzebest\u00e4ndig. <\/p>\n<p>Funktionen im \u00dcberblick:<\/p>\n<ul>\n<li>Geeignet f\u00fcr Kamado-Grills und andere Grills mit einem Innendurchmesser von 48 bis 56 cm.<\/li>\n<li>Leistungsstarker Motor, der bis zu 20 kg Fleisch drehen kann<\/li>\n<li>Verschlie\u00dfen Sie Ihren Kamado vollst\u00e4ndig, um optimale W\u00e4rmespeicherung und Geschmack zu gew\u00e4hrleisten.<\/li>\n<li>Hochwertige Grillzangen und -gabeln aus Edelstahl<\/li>\n<li>Ideal f\u00fcr H\u00e4hnchen, Schweinefleisch, Picanha, Gyros und mehr<\/li>\n<\/ul>\n<p>Verwandeln Sie Ihren Grill mit dem Tools4Grill Drehspie\u00df in ein echtes Multitalent und genie\u00dfen Sie perfekt gegrillte, saftige Gerichte!<\/p>\n<\/div>\n<\/div>\n<\/div>\n<\/div>\n<p>Unser Zubeh\u00f6r ist universell kompatibel mit allen g\u00e4ngigen Marken wie Big Green Egg, The Basterd, Grill Guru, The Real Egg, Kamado Joe, Auplex usw.<\/p>\n","protected":false},"excerpt":{"rendered":"<p>Produktbeschreibung Tools4Grill Kamado-Drehspie\u00df \u2013 F\u00fcr perfekt gegrillte Gerichte Vervollst\u00e4ndigen Sie Ihren Kamado oder Grill mit dem Tools4Grill Drehspie\u00df! Ob Sie Lust auf ein k\u00f6stliches, knuspriges H\u00e4hnchen, eine saftige Picanha oder sogar einen zarten Gyros vom Spie\u00df haben \u2013 die M\u00f6glichkeiten sind grenzenlos. Dieser Drehspie\u00df ist mit einem leistungsstarken Motor ausgestattet, der bis zu 20 kg [&hellip;]<\/p>\n","protected":false},"featured_media":223947,"comment_status":"open","ping_status":"closed","template":"","meta":{"_et_pb_use_builder":"","_et_pb_old_content":"","_et_gb_content_width":""},"product_brand":[],"product_cat":[190,167],"product_tag":[264,299,297,295,296,298],"class_list":{"0":"post-226135","1":"product","2":"type-product","3":"status-publish","4":"has-post-thumbnail","6":"product_cat-23-zoll","7":"product_cat-rotisserie","8":"product_tag-60-cm","9":"product_tag-auplex","10":"product_tag-das-echte-ei","11":"product_tag-der-bastard","12":"product_tag-grillguru","13":"product_tag-kamado-joe","15":"first","16":"instock","17":"taxable","18":"shipping-taxable","19":"purchasable","20":"product-type-simple"},"_links":{"self":[{"href":"https:\/\/www.tools4grill.nl\/de\/wp-json\/wp\/v2\/product\/226135","targetHints":{"allow":["GET"]}}],"collection":[{"href":"https:\/\/www.tools4grill.nl\/de\/wp-json\/wp\/v2\/product"}],"about":[{"href":"https:\/\/www.tools4grill.nl\/de\/wp-json\/wp\/v2\/types\/product"}],"replies":[{"embeddable":true,"href":"https:\/\/www.tools4grill.nl\/de\/wp-json\/wp\/v2\/comments?post=226135"}],"wp:featuredmedia":[{"embeddable":true,"href":"https:\/\/www.tools4grill.nl\/de\/wp-json\/wp\/v2\/media\/223947"}],"wp:attachment":[{"href":"https:\/\/www.tools4grill.nl\/de\/wp-json\/wp\/v2\/media?parent=226135"}],"wp:term":[{"taxonomy":"product_brand","embeddable":true,"href":"https:\/\/www.tools4grill.nl\/de\/wp-json\/wp\/v2\/product_brand?post=226135"},{"taxonomy":"product_cat","embeddable":true,"href":"https:\/\/www.tools4grill.nl\/de\/wp-json\/wp\/v2\/product_cat?post=226135"},{"taxonomy":"product_tag","embeddable":true,"href":"https:\/\/www.tools4grill.nl\/de\/wp-json\/wp\/v2\/product_tag?post=226135"}],"curies":[{"name":"wp","href":"https:\/\/api.w.org\/{rel}","templated":true}]}}