{"id":226097,"date":"2021-07-04T13:28:00","date_gmt":"2021-07-04T11:28:00","guid":{"rendered":"https:\/\/www.tools4grill.nl\/product\/drehspiess-455-cm-aussenmasse\/"},"modified":"2021-07-04T13:28:00","modified_gmt":"2021-07-04T11:28:00","slug":"drehspiess-455-cm-aussenmasse","status":"publish","type":"product","link":"https:\/\/www.tools4grill.nl\/de\/produkt\/drehspiess-455-cm-aussenmasse\/","title":{"rendered":"Drehspie\u00df 45,5 cm (Au\u00dfenma\u00dfe)"},"content":{"rendered":"<p>Mit dem Tools4Grill-Drehspie\u00df wird Ihr Grillvergn\u00fcgen noch besser! Ob Sie nun Lust auf ein leckeres H\u00e4hnchen vom Spie\u00df oder etwas ganz anderes haben \u2013 die M\u00f6glichkeiten sind nahezu unbegrenzt. Der Motor des Drehspie\u00dfes sorgt f\u00fcr gleichm\u00e4\u00dfige Rotation bis zu 15 kg.<br \/>\nEr ist mit vielen Grills kompatibel. Ein gro\u00dfer Vorteil bei Kamado-Grills ist jedoch, dass der Ring so konstruiert ist, dass der Grill vollst\u00e4ndig abgedichtet werden kann. So bleibt die Hitze optimal erhalten und der Saft Ihres Fleisches wird bewahrt.    <\/p>\n<p>Der Au\u00dfendurchmesser dieses Drehspie\u00dfes betr\u00e4gt 45,5 cm, der Innendurchmesser 37,5 cm. Der Innenraum Ihres Grills muss daher mindestens 37,5 cm und h\u00f6chstens +\/- 43 cm breit sein.<br \/>\nDie H\u00f6he variiert von 1 mm an der R\u00fcckseite (Scharnierseite des Grills) bis 65 mm an der Vorderseite. <\/p>\n<p>Unser Zubeh\u00f6r ist universell kompatibel mit allen g\u00e4ngigen Marken wie Big Green Egg, The Basterd, Grill Guru, The Real Egg, Kamado Joe, Auplex usw.<\/p>\n","protected":false},"excerpt":{"rendered":"<p>Mit dem Tools4Grill-Drehspie\u00df wird Ihr Grillvergn\u00fcgen noch besser! Ob Sie nun Lust auf ein leckeres H\u00e4hnchen vom Spie\u00df oder etwas ganz anderes haben \u2013 die M\u00f6glichkeiten sind nahezu unbegrenzt. Der Motor des Drehspie\u00dfes sorgt f\u00fcr gleichm\u00e4\u00dfige Rotation bis zu 15 kg. Er ist mit vielen Grills kompatibel. Ein gro\u00dfer Vorteil bei Kamado-Grills ist jedoch, dass [&hellip;]<\/p>\n","protected":false},"featured_media":223947,"comment_status":"open","ping_status":"closed","template":"","meta":{"_et_pb_use_builder":"","_et_pb_old_content":"","_et_gb_content_width":""},"product_brand":[],"product_cat":[194,167],"product_tag":[301],"class_list":{"0":"post-226097","1":"product","2":"type-product","3":"status-publish","4":"has-post-thumbnail","6":"product_cat-18-zoll","7":"product_cat-rotisserie","8":"product_tag-45-5-cm","10":"first","11":"instock","12":"taxable","13":"shipping-taxable","14":"purchasable","15":"product-type-simple"},"_links":{"self":[{"href":"https:\/\/www.tools4grill.nl\/de\/wp-json\/wp\/v2\/product\/226097","targetHints":{"allow":["GET"]}}],"collection":[{"href":"https:\/\/www.tools4grill.nl\/de\/wp-json\/wp\/v2\/product"}],"about":[{"href":"https:\/\/www.tools4grill.nl\/de\/wp-json\/wp\/v2\/types\/product"}],"replies":[{"embeddable":true,"href":"https:\/\/www.tools4grill.nl\/de\/wp-json\/wp\/v2\/comments?post=226097"}],"wp:featuredmedia":[{"embeddable":true,"href":"https:\/\/www.tools4grill.nl\/de\/wp-json\/wp\/v2\/media\/223947"}],"wp:attachment":[{"href":"https:\/\/www.tools4grill.nl\/de\/wp-json\/wp\/v2\/media?parent=226097"}],"wp:term":[{"taxonomy":"product_brand","embeddable":true,"href":"https:\/\/www.tools4grill.nl\/de\/wp-json\/wp\/v2\/product_brand?post=226097"},{"taxonomy":"product_cat","embeddable":true,"href":"https:\/\/www.tools4grill.nl\/de\/wp-json\/wp\/v2\/product_cat?post=226097"},{"taxonomy":"product_tag","embeddable":true,"href":"https:\/\/www.tools4grill.nl\/de\/wp-json\/wp\/v2\/product_tag?post=226097"}],"curies":[{"name":"wp","href":"https:\/\/api.w.org\/{rel}","templated":true}]}}