{"id":226025,"date":"2021-03-29T21:35:23","date_gmt":"2021-03-29T19:35:23","guid":{"rendered":"https:\/\/www.tools4grill.nl\/product\/pizzastein-23-cm\/"},"modified":"2021-03-29T21:35:23","modified_gmt":"2021-03-29T19:35:23","slug":"pizzastein-23-cm","status":"publish","type":"product","link":"https:\/\/www.tools4grill.nl\/de\/produkt\/pizzastein-23-cm\/","title":{"rendered":"Pizzastein 23 cm"},"content":{"rendered":"<p>Der gro\u00dfe Vorteil eines Tools4grill Pizzasteins liegt in der gleichm\u00e4\u00dfigen Hitzeverteilung von unten, die f\u00fcr einen herrlich knusprigen Boden sorgt. Mit dem richtigen Teig und der passenden Temperatur gelingen Ihnen damit k\u00f6stliche Pizzen wie direkt aus Italien.<br \/>\nDieser Tools4grill Pizzastein zeichnet sich durch seine 10 mm Dicke aus. Er wird zusammen mit dem Grill vorgeheizt, wodurch Temperaturschwankungen vermieden werden. Sobald er die gew\u00fcnschte Temperatur erreicht hat (ca. 250 Grad, abh\u00e4ngig von Teig und Zubereitungsmethode), gibt er die Hitze gleichm\u00e4\u00dfig an die Pizza ab. So k\u00f6nnen Sie im Handumdrehen leckere Pizzen vom Grill zaubern.  <\/p>\n<p>&nbsp;<\/p>\n<p>Unser Zubeh\u00f6r ist universell kompatibel mit allen g\u00e4ngigen Marken wie Big Green Egg, The Basterd, Grill Guru, The Real Egg, Kamado Joe, Auplex usw.<\/p>\n","protected":false},"excerpt":{"rendered":"<p>Der gro\u00dfe Vorteil eines Tools4grill Pizzasteins liegt in der gleichm\u00e4\u00dfigen Hitzeverteilung von unten, die f\u00fcr einen herrlich knusprigen Boden sorgt. Mit dem richtigen Teig und der passenden Temperatur gelingen Ihnen damit k\u00f6stliche Pizzen wie direkt aus Italien. Dieser Tools4grill Pizzastein zeichnet sich durch seine 10 mm Dicke aus. Er wird zusammen mit dem Grill vorgeheizt, [&hellip;]<\/p>\n","protected":false},"featured_media":569,"comment_status":"open","ping_status":"closed","template":"","meta":{"_et_pb_use_builder":"","_et_pb_old_content":"","_et_gb_content_width":""},"product_brand":[],"product_cat":[191,149],"product_tag":[232],"class_list":{"0":"post-226025","1":"product","2":"type-product","3":"status-publish","4":"has-post-thumbnail","6":"product_cat-15-zoll","7":"product_cat-pizzastein-speckstein","8":"product_tag-23-cm","10":"first","11":"instock","12":"taxable","13":"shipping-taxable","14":"purchasable","15":"product-type-simple"},"_links":{"self":[{"href":"https:\/\/www.tools4grill.nl\/de\/wp-json\/wp\/v2\/product\/226025","targetHints":{"allow":["GET"]}}],"collection":[{"href":"https:\/\/www.tools4grill.nl\/de\/wp-json\/wp\/v2\/product"}],"about":[{"href":"https:\/\/www.tools4grill.nl\/de\/wp-json\/wp\/v2\/types\/product"}],"replies":[{"embeddable":true,"href":"https:\/\/www.tools4grill.nl\/de\/wp-json\/wp\/v2\/comments?post=226025"}],"wp:featuredmedia":[{"embeddable":true,"href":"https:\/\/www.tools4grill.nl\/de\/wp-json\/wp\/v2\/media\/569"}],"wp:attachment":[{"href":"https:\/\/www.tools4grill.nl\/de\/wp-json\/wp\/v2\/media?parent=226025"}],"wp:term":[{"taxonomy":"product_brand","embeddable":true,"href":"https:\/\/www.tools4grill.nl\/de\/wp-json\/wp\/v2\/product_brand?post=226025"},{"taxonomy":"product_cat","embeddable":true,"href":"https:\/\/www.tools4grill.nl\/de\/wp-json\/wp\/v2\/product_cat?post=226025"},{"taxonomy":"product_tag","embeddable":true,"href":"https:\/\/www.tools4grill.nl\/de\/wp-json\/wp\/v2\/product_tag?post=226025"}],"curies":[{"name":"wp","href":"https:\/\/api.w.org\/{rel}","templated":true}]}}