{"id":226001,"date":"2021-03-15T07:48:16","date_gmt":"2021-03-15T06:48:16","guid":{"rendered":"https:\/\/www.tools4grill.nl\/product\/gusseisenrost-32-cm\/"},"modified":"2021-03-15T07:48:16","modified_gmt":"2021-03-15T06:48:16","slug":"gusseisenrost-32-cm","status":"publish","type":"product","link":"https:\/\/www.tools4grill.nl\/de\/produkt\/gusseisenrost-32-cm\/","title":{"rendered":"Gusseisenrost 32 cm"},"content":{"rendered":"<p><strong>Tools4Grill Runde Gusseisenroste: Langlebig und perfekt f\u00fcr Grillstreifen<\/strong><\/p>\n<p>Sie verwenden die Gusseisenroste von Tools4Grill, da sie die ideale Wahl f\u00fcr alle sind, die das beste Grillerlebnis erzielen m\u00f6chten. Stellen Sie die Qualit\u00e4t Ihrer Speisen wieder her, nutzen Sie sie f\u00fcr optimale Hitze und Verarbeitung, damit Sie ein perfektes Grillergebnis genie\u00dfen k\u00f6nnen. Dieses robuste Material garantiert perfektes Grillen und einfache Handhabung f\u00fcr die professionelle Anwendung.  <\/p>\n<p>Verf\u00fcgbare Gr\u00f6\u00dfen Diese runden Grillroste sind in folgenden Gr\u00f6\u00dfen erh\u00e4ltlich:<\/p>\n<ul>\n<li style=\"font-weight: bold;\"><strong>33 cm<\/strong><\/li>\n<li>39 cm<\/li>\n<li>45 cm<\/li>\n<li>51 cm<\/li>\n<li>53 cm<\/li>\n<\/ul>\n<p>Dadurch eignen sie sich f\u00fcr Kamado-Grills und andere Grills in verschiedenen Gr\u00f6\u00dfen.<\/p>\n<p>Vorteile von Gusseisen<br \/>Dank der hervorragenden W\u00e4rmespeicherung von Gusseisen bleiben diese Grillroste l\u00e4nger hei\u00df und sorgen so f\u00fcr eine gleichm\u00e4\u00dfigere Temperatur beim Grillen. Dadurch k\u00f6nnen Sie nicht nur Fleisch, Fisch und Gem\u00fcse perfekt zubereiten, sondern auch andere Grilltechniken wie das langsame Garen anwenden. <\/p>\n<p>Sicher und einfach in der Anwendung: Mit dem Tools4Grill Grillgreifer aus Gusseisen k\u00f6nnen Sie diese schweren, hei\u00dfen Grillroste sicher und einfach handhaben (separat erh\u00e4ltlich).<\/p>\n<p><strong>Wichtigste Merkmale:<\/strong><\/p>\n<ul>\n<li>Hochwertige Gusseisenkonstruktion f\u00fcr optimale W\u00e4rmeleitung<\/li>\n<li>Erzeugt tiefe, ikonische Grillspuren<\/li>\n<li>Erh\u00e4ltlich in 33, 39, 45, 51 und 53 cm<\/li>\n<li>Universell geeignet f\u00fcr alle Kamado-Grills und andere Grillarten.<\/li>\n<li>Sicher in der Handhabung dank des Tools4Grill BBQ-Greifers<\/li>\n<\/ul>\n<p>Verbessern Sie Ihr Grillerlebnis mit den runden Gusseisenrosten von Tools4Grill und holen Sie das Beste aus Ihren Grillk\u00fcnsten heraus!<\/p>\n<p>&nbsp;<\/p>\n<p>&nbsp;<\/p>\n<p>Diese gusseisernen Grillroste lassen sich mit unserem Gusseisen-Greifer ganz einfach anheben, sodass Sie selbst hei\u00dfe Roste sicher von Ihrem Grill entfernen k\u00f6nnen. Der Greifer ist separat erh\u00e4ltlich; siehe Artikelnummer: 8720648180774 <\/p>\n","protected":false},"excerpt":{"rendered":"<p>Tools4Grill Runde Gusseisenroste: Langlebig und perfekt f\u00fcr Grillstreifen Sie verwenden die Gusseisenroste von Tools4Grill, da sie die ideale Wahl f\u00fcr alle sind, die das beste Grillerlebnis erzielen m\u00f6chten. Stellen Sie die Qualit\u00e4t Ihrer Speisen wieder her, nutzen Sie sie f\u00fcr optimale Hitze und Verarbeitung, damit Sie ein perfektes Grillergebnis genie\u00dfen k\u00f6nnen. Dieses robuste Material garantiert [&hellip;]<\/p>\n","protected":false},"featured_media":501,"comment_status":"open","ping_status":"closed","template":"","meta":{"_et_pb_use_builder":"","_et_pb_old_content":"","_et_gb_content_width":""},"product_brand":[],"product_cat":[192,191,164],"product_tag":[222],"class_list":{"0":"post-226001","1":"product","2":"type-product","3":"status-publish","4":"has-post-thumbnail","6":"product_cat-15-16-zoll","7":"product_cat-15-zoll","8":"product_cat-gusseisen","9":"product_tag-32-cm","11":"first","12":"instock","13":"taxable","14":"shipping-taxable","15":"purchasable","16":"product-type-simple"},"_links":{"self":[{"href":"https:\/\/www.tools4grill.nl\/de\/wp-json\/wp\/v2\/product\/226001","targetHints":{"allow":["GET"]}}],"collection":[{"href":"https:\/\/www.tools4grill.nl\/de\/wp-json\/wp\/v2\/product"}],"about":[{"href":"https:\/\/www.tools4grill.nl\/de\/wp-json\/wp\/v2\/types\/product"}],"replies":[{"embeddable":true,"href":"https:\/\/www.tools4grill.nl\/de\/wp-json\/wp\/v2\/comments?post=226001"}],"wp:featuredmedia":[{"embeddable":true,"href":"https:\/\/www.tools4grill.nl\/de\/wp-json\/wp\/v2\/media\/501"}],"wp:attachment":[{"href":"https:\/\/www.tools4grill.nl\/de\/wp-json\/wp\/v2\/media?parent=226001"}],"wp:term":[{"taxonomy":"product_brand","embeddable":true,"href":"https:\/\/www.tools4grill.nl\/de\/wp-json\/wp\/v2\/product_brand?post=226001"},{"taxonomy":"product_cat","embeddable":true,"href":"https:\/\/www.tools4grill.nl\/de\/wp-json\/wp\/v2\/product_cat?post=226001"},{"taxonomy":"product_tag","embeddable":true,"href":"https:\/\/www.tools4grill.nl\/de\/wp-json\/wp\/v2\/product_tag?post=226001"}],"curies":[{"name":"wp","href":"https:\/\/api.w.org\/{rel}","templated":true}]}}