{"id":225998,"date":"2021-03-15T07:46:26","date_gmt":"2021-03-15T06:46:26","guid":{"rendered":"https:\/\/www.tools4grill.nl\/product\/gusseisenrost-39-cm\/"},"modified":"2021-03-15T07:46:26","modified_gmt":"2021-03-15T06:46:26","slug":"gusseisenrost-39-cm","status":"publish","type":"product","link":"https:\/\/www.tools4grill.nl\/de\/produkt\/gusseisenrost-39-cm\/","title":{"rendered":"Gusseisenrost 39 cm"},"content":{"rendered":"<p><strong>Tools4Grill Runde Gusseisenroste: Langlebig und perfekt f\u00fcr Grillstreifen<\/strong><\/p>\n<p>Die runden Gusseisenroste von Tools4Grill sind die ideale Wahl f\u00fcr alle, die auf ihrem Grill beste Ergebnisse erzielen m\u00f6chten. Hergestellt aus hochwertigem Gusseisen, gew\u00e4hrleisten diese Roste eine optimale Hitzeverteilung und -speicherung, sodass Ihre Speisen gleichm\u00e4\u00dfig garen. Das robuste Material sorgt f\u00fcr perfekte, tiefe Grillstreifen und verleiht Ihren Gerichten ein professionelles Aussehen.  <\/p>\n<p>Verf\u00fcgbare Gr\u00f6\u00dfen Diese runden Grillroste sind in folgenden Gr\u00f6\u00dfen erh\u00e4ltlich:<\/p>\n<ul>\n<li>33 cm<\/li>\n<li style=\"font-weight: bold;\"><strong>39 cm<\/strong><\/li>\n<li>45 cm<\/li>\n<li>51 cm<\/li>\n<li>53 cm<\/li>\n<\/ul>\n<p>Dadurch eignen sie sich f\u00fcr Kamado-Grills und andere Grills in verschiedenen Gr\u00f6\u00dfen.<\/p>\n<p>Vorteile von Gusseisen<br \/>Dank der hervorragenden W\u00e4rmespeicherung von Gusseisen bleiben diese Grillroste l\u00e4nger hei\u00df und sorgen so f\u00fcr eine gleichm\u00e4\u00dfigere Temperatur beim Grillen. Dadurch k\u00f6nnen Sie nicht nur Fleisch, Fisch und Gem\u00fcse perfekt zubereiten, sondern auch andere Grilltechniken wie das langsame Garen anwenden. <\/p>\n<p>Sicher und einfach in der Anwendung: Mit dem Tools4Grill Grillgreifer aus Gusseisen k\u00f6nnen Sie diese schweren, hei\u00dfen Grillroste sicher und einfach handhaben (separat erh\u00e4ltlich).<\/p>\n<p><strong>Wichtigste Anmerkungen:<\/strong><\/p>\n<ul>\n<li>Hochwertige Gusseisenkonstruktion f\u00fcr optimale W\u00e4rmeleitung<\/li>\n<li>Erzeugt tiefe, ikonische Grillspuren<\/li>\n<li>v<\/li>\n<li>Universell geeignet f\u00fcr alle Kamado-Grills und andere Grillarten.<\/li>\n<li>Sicher in der Handhabung dank des Tools4Grill BBQ-Greifers<\/li>\n<\/ul>\n<p>Verbessern Sie Ihr Grillerlebnis mit den runden Gusseisenrosten von Tools4Grill und holen Sie das Beste aus Ihren Grillk\u00fcnsten heraus!<\/p>\n<p>&nbsp;<\/p>\n<p>&nbsp;<\/p>\n<p>Diese gusseisernen Grillroste lassen sich mit unserem Gusseisen-Greifer ganz einfach anheben, sodass Sie selbst hei\u00dfe Roste sicher von Ihrem Grill entfernen k\u00f6nnen. Der Greifer ist separat erh\u00e4ltlich; siehe Artikelnummer: 8720648180774 <\/p>\n<p>&nbsp;<\/p>\n","protected":false},"excerpt":{"rendered":"<p>Tools4Grill Runde Gusseisenroste: Langlebig und perfekt f\u00fcr Grillstreifen Die runden Gusseisenroste von Tools4Grill sind die ideale Wahl f\u00fcr alle, die auf ihrem Grill beste Ergebnisse erzielen m\u00f6chten. Hergestellt aus hochwertigem Gusseisen, gew\u00e4hrleisten diese Roste eine optimale Hitzeverteilung und -speicherung, sodass Ihre Speisen gleichm\u00e4\u00dfig garen. Das robuste Material sorgt f\u00fcr perfekte, tiefe Grillstreifen und verleiht Ihren [&hellip;]<\/p>\n","protected":false},"featured_media":501,"comment_status":"open","ping_status":"closed","template":"","meta":{"_et_pb_use_builder":"","_et_pb_old_content":"","_et_gb_content_width":""},"product_brand":[],"product_cat":[194,193,164],"product_tag":[284],"class_list":{"0":"post-225998","1":"product","2":"type-product","3":"status-publish","4":"has-post-thumbnail","6":"product_cat-18-zoll","7":"product_cat-20-zoll","8":"product_cat-gusseisen","9":"product_tag-39-cm","11":"first","12":"instock","13":"taxable","14":"shipping-taxable","15":"purchasable","16":"product-type-simple"},"_links":{"self":[{"href":"https:\/\/www.tools4grill.nl\/de\/wp-json\/wp\/v2\/product\/225998","targetHints":{"allow":["GET"]}}],"collection":[{"href":"https:\/\/www.tools4grill.nl\/de\/wp-json\/wp\/v2\/product"}],"about":[{"href":"https:\/\/www.tools4grill.nl\/de\/wp-json\/wp\/v2\/types\/product"}],"replies":[{"embeddable":true,"href":"https:\/\/www.tools4grill.nl\/de\/wp-json\/wp\/v2\/comments?post=225998"}],"wp:featuredmedia":[{"embeddable":true,"href":"https:\/\/www.tools4grill.nl\/de\/wp-json\/wp\/v2\/media\/501"}],"wp:attachment":[{"href":"https:\/\/www.tools4grill.nl\/de\/wp-json\/wp\/v2\/media?parent=225998"}],"wp:term":[{"taxonomy":"product_brand","embeddable":true,"href":"https:\/\/www.tools4grill.nl\/de\/wp-json\/wp\/v2\/product_brand?post=225998"},{"taxonomy":"product_cat","embeddable":true,"href":"https:\/\/www.tools4grill.nl\/de\/wp-json\/wp\/v2\/product_cat?post=225998"},{"taxonomy":"product_tag","embeddable":true,"href":"https:\/\/www.tools4grill.nl\/de\/wp-json\/wp\/v2\/product_tag?post=225998"}],"curies":[{"name":"wp","href":"https:\/\/api.w.org\/{rel}","templated":true}]}}