{"id":225977,"date":"2021-03-15T07:33:05","date_gmt":"2021-03-15T06:33:05","guid":{"rendered":"https:\/\/www.tools4grill.nl\/product\/fleischzartmacher-fleischzartmacher\/"},"modified":"2021-03-15T07:33:05","modified_gmt":"2021-03-15T06:33:05","slug":"fleischzartmacher-fleischzartmacher","status":"publish","type":"product","link":"https:\/\/www.tools4grill.nl\/de\/produkt\/fleischzartmacher-fleischzartmacher\/","title":{"rendered":"Fleischzartmacher &#8211; Fleischzartmacher"},"content":{"rendered":"<p>Tools4grill Professioneller manueller Fleischzartmacher. Dank der 48 Klingen, die Ihr Fleisch gleichm\u00e4\u00dfig durchdringen, wird es zarter und gart schneller. Kr\u00e4uter und Marinaden ziehen so besser und schneller ein. Geeignet f\u00fcr alle Fleischsorten.<br \/>\nHergestellt aus hochwertigen Edelstahlklingen und ABS-Kunststoff. Langlebig und rostfrei.<br \/>\nLeicht zu reinigen: Nach jedem Gebrauch einfach einige Minuten in Seifenwasser einweichen und mit einer B\u00fcrste abwaschen. Sp\u00fclmaschinenfest.    <\/p>\n","protected":false},"excerpt":{"rendered":"<p>Tools4grill Professioneller manueller Fleischzartmacher. Dank der 48 Klingen, die Ihr Fleisch gleichm\u00e4\u00dfig durchdringen, wird es zarter und gart schneller. Kr\u00e4uter und Marinaden ziehen so besser und schneller ein. Geeignet f\u00fcr alle Fleischsorten. Hergestellt aus hochwertigen Edelstahlklingen und ABS-Kunststoff. Langlebig und rostfrei. Leicht zu reinigen: Nach jedem Gebrauch einfach einige Minuten in Seifenwasser einweichen und mit [&hellip;]<\/p>\n","protected":false},"featured_media":224683,"comment_status":"open","ping_status":"closed","template":"","meta":{"_et_pb_use_builder":"","_et_pb_old_content":"","_et_gb_content_width":""},"product_brand":[],"product_cat":[192,191,194,193,128,190,112,140],"product_tag":[],"class_list":{"0":"post-225977","1":"product","2":"type-product","3":"status-publish","4":"has-post-thumbnail","6":"product_cat-15-16-zoll","7":"product_cat-15-zoll","8":"product_cat-18-zoll","9":"product_cat-20-zoll","10":"product_cat-21-zoll","11":"product_cat-23-zoll","12":"product_cat-andere","13":"product_cat-kuchenzubehor","15":"first","16":"instock","17":"taxable","18":"shipping-taxable","19":"purchasable","20":"product-type-simple"},"_links":{"self":[{"href":"https:\/\/www.tools4grill.nl\/de\/wp-json\/wp\/v2\/product\/225977","targetHints":{"allow":["GET"]}}],"collection":[{"href":"https:\/\/www.tools4grill.nl\/de\/wp-json\/wp\/v2\/product"}],"about":[{"href":"https:\/\/www.tools4grill.nl\/de\/wp-json\/wp\/v2\/types\/product"}],"replies":[{"embeddable":true,"href":"https:\/\/www.tools4grill.nl\/de\/wp-json\/wp\/v2\/comments?post=225977"}],"wp:featuredmedia":[{"embeddable":true,"href":"https:\/\/www.tools4grill.nl\/de\/wp-json\/wp\/v2\/media\/224683"}],"wp:attachment":[{"href":"https:\/\/www.tools4grill.nl\/de\/wp-json\/wp\/v2\/media?parent=225977"}],"wp:term":[{"taxonomy":"product_brand","embeddable":true,"href":"https:\/\/www.tools4grill.nl\/de\/wp-json\/wp\/v2\/product_brand?post=225977"},{"taxonomy":"product_cat","embeddable":true,"href":"https:\/\/www.tools4grill.nl\/de\/wp-json\/wp\/v2\/product_cat?post=225977"},{"taxonomy":"product_tag","embeddable":true,"href":"https:\/\/www.tools4grill.nl\/de\/wp-json\/wp\/v2\/product_tag?post=225977"}],"curies":[{"name":"wp","href":"https:\/\/api.w.org\/{rel}","templated":true}]}}