{"id":225954,"date":"2021-03-15T07:27:54","date_gmt":"2021-03-15T06:27:54","guid":{"rendered":"https:\/\/www.tools4grill.nl\/product\/hamburgerpresse\/"},"modified":"2021-03-15T07:27:54","modified_gmt":"2021-03-15T06:27:54","slug":"hamburgerpresse","status":"publish","type":"product","link":"https:\/\/www.tools4grill.nl\/de\/produkt\/hamburgerpresse\/","title":{"rendered":"Hamburgerpresse"},"content":{"rendered":"<p>Tools4grill Hamburgerpresse. Damit k\u00f6nnen Sie ganz einfach Ihre Hamburger zubereiten. <strong> <\/strong>Hergestellt aus hochwertigem Kunststoff und mit einem stabilen Griff ausgestattet.<br \/>Die Hamburgerpressen verf\u00fcgen \u00fcber kleine Rillen, die ein gleichm\u00e4\u00dfiges und schnelles Garen der Burger gew\u00e4hrleisten. Die Position des stabilen Griffs sorgt f\u00fcr eine optimale Druckverteilung beim Pressen. <\/p>\n","protected":false},"excerpt":{"rendered":"<p>Tools4grill Hamburgerpresse. Damit k\u00f6nnen Sie ganz einfach Ihre Hamburger zubereiten. Hergestellt aus hochwertigem Kunststoff und mit einem stabilen Griff ausgestattet.Die Hamburgerpressen verf\u00fcgen \u00fcber kleine Rillen, die ein gleichm\u00e4\u00dfiges und schnelles Garen der Burger gew\u00e4hrleisten. Die Position des stabilen Griffs sorgt f\u00fcr eine optimale Druckverteilung beim Pressen.<\/p>\n","protected":false},"featured_media":223585,"comment_status":"open","ping_status":"closed","template":"","meta":{"_et_pb_use_builder":"","_et_pb_old_content":"","_et_gb_content_width":""},"product_brand":[],"product_cat":[112],"product_tag":[],"class_list":{"0":"post-225954","1":"product","2":"type-product","3":"status-publish","4":"has-post-thumbnail","6":"product_cat-andere","8":"first","9":"instock","10":"taxable","11":"shipping-taxable","12":"purchasable","13":"product-type-simple"},"_links":{"self":[{"href":"https:\/\/www.tools4grill.nl\/de\/wp-json\/wp\/v2\/product\/225954","targetHints":{"allow":["GET"]}}],"collection":[{"href":"https:\/\/www.tools4grill.nl\/de\/wp-json\/wp\/v2\/product"}],"about":[{"href":"https:\/\/www.tools4grill.nl\/de\/wp-json\/wp\/v2\/types\/product"}],"replies":[{"embeddable":true,"href":"https:\/\/www.tools4grill.nl\/de\/wp-json\/wp\/v2\/comments?post=225954"}],"wp:featuredmedia":[{"embeddable":true,"href":"https:\/\/www.tools4grill.nl\/de\/wp-json\/wp\/v2\/media\/223585"}],"wp:attachment":[{"href":"https:\/\/www.tools4grill.nl\/de\/wp-json\/wp\/v2\/media?parent=225954"}],"wp:term":[{"taxonomy":"product_brand","embeddable":true,"href":"https:\/\/www.tools4grill.nl\/de\/wp-json\/wp\/v2\/product_brand?post=225954"},{"taxonomy":"product_cat","embeddable":true,"href":"https:\/\/www.tools4grill.nl\/de\/wp-json\/wp\/v2\/product_cat?post=225954"},{"taxonomy":"product_tag","embeddable":true,"href":"https:\/\/www.tools4grill.nl\/de\/wp-json\/wp\/v2\/product_tag?post=225954"}],"curies":[{"name":"wp","href":"https:\/\/api.w.org\/{rel}","templated":true}]}}