{"id":225936,"date":"2021-03-13T09:43:35","date_gmt":"2021-03-13T08:43:35","guid":{"rendered":"https:\/\/www.tools4grill.nl\/product\/rippchenhalter-aus-edelstahl\/"},"modified":"2021-03-13T09:43:35","modified_gmt":"2021-03-13T08:43:35","slug":"rippchenhalter-aus-edelstahl","status":"publish","type":"product","link":"https:\/\/www.tools4grill.nl\/de\/produkt\/rippchenhalter-aus-edelstahl\/","title":{"rendered":"Rippchenhalter aus Edelstahl"},"content":{"rendered":"<p>Dieser Rippchenhalter von Tools4grill ist aus hochwertigem Edelstahl gefertigt und ideal zum Garen Ihrer Spareribs. Da die Rippchen seitlich platziert werden, kann die warme Luft optimal zirkulieren. So gelingt Ihnen m\u00fchelos eine gro\u00dfz\u00fcgige Menge perfekt gegarter Rippchen. Selbstverst\u00e4ndlich ist der Halter auch f\u00fcr die Verwendung im Backofen geeignet.   <\/p>\n","protected":false},"excerpt":{"rendered":"<p>Dieser Rippchenhalter von Tools4grill ist aus hochwertigem Edelstahl gefertigt und ideal zum Garen Ihrer Spareribs. Da die Rippchen seitlich platziert werden, kann die warme Luft optimal zirkulieren. So gelingt Ihnen m\u00fchelos eine gro\u00dfz\u00fcgige Menge perfekt gegarter Rippchen. Selbstverst\u00e4ndlich ist der Halter auch f\u00fcr die Verwendung im Backofen geeignet.<\/p>\n","protected":false},"featured_media":551,"comment_status":"open","ping_status":"closed","template":"","meta":{"_et_pb_use_builder":"","_et_pb_old_content":"","_et_gb_content_width":""},"product_brand":[],"product_cat":[192,191,194,193,128,190,112],"product_tag":[],"class_list":{"0":"post-225936","1":"product","2":"type-product","3":"status-publish","4":"has-post-thumbnail","6":"product_cat-15-16-zoll","7":"product_cat-15-zoll","8":"product_cat-18-zoll","9":"product_cat-20-zoll","10":"product_cat-21-zoll","11":"product_cat-23-zoll","12":"product_cat-andere","14":"first","15":"instock","16":"taxable","17":"shipping-taxable","18":"purchasable","19":"product-type-simple"},"_links":{"self":[{"href":"https:\/\/www.tools4grill.nl\/de\/wp-json\/wp\/v2\/product\/225936","targetHints":{"allow":["GET"]}}],"collection":[{"href":"https:\/\/www.tools4grill.nl\/de\/wp-json\/wp\/v2\/product"}],"about":[{"href":"https:\/\/www.tools4grill.nl\/de\/wp-json\/wp\/v2\/types\/product"}],"replies":[{"embeddable":true,"href":"https:\/\/www.tools4grill.nl\/de\/wp-json\/wp\/v2\/comments?post=225936"}],"wp:featuredmedia":[{"embeddable":true,"href":"https:\/\/www.tools4grill.nl\/de\/wp-json\/wp\/v2\/media\/551"}],"wp:attachment":[{"href":"https:\/\/www.tools4grill.nl\/de\/wp-json\/wp\/v2\/media?parent=225936"}],"wp:term":[{"taxonomy":"product_brand","embeddable":true,"href":"https:\/\/www.tools4grill.nl\/de\/wp-json\/wp\/v2\/product_brand?post=225936"},{"taxonomy":"product_cat","embeddable":true,"href":"https:\/\/www.tools4grill.nl\/de\/wp-json\/wp\/v2\/product_cat?post=225936"},{"taxonomy":"product_tag","embeddable":true,"href":"https:\/\/www.tools4grill.nl\/de\/wp-json\/wp\/v2\/product_tag?post=225936"}],"curies":[{"name":"wp","href":"https:\/\/api.w.org\/{rel}","templated":true}]}}