{"id":225892,"date":"2021-03-13T08:19:51","date_gmt":"2021-03-13T07:19:51","guid":{"rendered":"https:\/\/www.tools4grill.nl\/product\/grillerhoehung-395-cm\/"},"modified":"2021-03-13T08:19:51","modified_gmt":"2021-03-13T07:19:51","slug":"grillerhoehung-395-cm","status":"publish","type":"product","link":"https:\/\/www.tools4grill.nl\/de\/produkt\/grillerhoehung-395-cm\/","title":{"rendered":"Grillerh\u00f6hung 39,5 cm"},"content":{"rendered":"<p><strong>Tools4Grill Grillerh\u00f6hung: Mehr Grillfl\u00e4che und Flexibilit\u00e4t f\u00fcr Ihren Grill<\/strong><\/p>\n<p>Mit dem Tools4Grill Grillaufsatz vergr\u00f6\u00dfern Sie m\u00fchelos die Grillfl\u00e4che Ihres Grills und haben so mehr Platz, um verschiedene Gerichte gleichzeitig zuzubereiten. Dieses praktische Zubeh\u00f6r eignet sich perfekt zum Grillen von Fleisch, Fisch und Gem\u00fcse in unterschiedlichen H\u00f6hen, sodass Sie Garzeit und Temperatur optimal kontrollieren k\u00f6nnen. <\/p>\n<p>Mit dem Grillrost k\u00f6nnen Sie Ihre Speisen weiter vom Feuer entfernt platzieren, was ideal zum langsamen Garen oder Warmhalten von Speisen ist, ohne dass diese \u00fcbergaren. Zus\u00e4tzlich kann er als zweiter Grillrost dienen, sodass Sie doppelt so viele Gerichte gleichzeitig zubereiten k\u00f6nnen. Das macht ihn perfekt f\u00fcr gr\u00f6\u00dfere Feiern oder wenn Sie mehrere Gerichte gleichzeitig zubereiten m\u00f6chten.  <\/p>\n<p><strong>Einfache Bedienung<\/strong><\/p>\n<p>Dank der clever designten F\u00fc\u00dfe l\u00e4sst sich der Grillaufsatz mit einem Handgriff auf Ihren vorhandenen Grillrost setzen. Kein Aufwand, einfach mehr Platz und Flexibilit\u00e4t bei der Zubereitung Ihrer Speisen. Ob Fleisch, Fisch, Gem\u00fcse oder sogar Brot \u2013 mit dem Grillaufsatz bleibt alles auf der perfekten Temperatur oder gart perfekt durch.  <\/p>\n<p><strong>Hochwertige Konstruktion<\/strong><\/p>\n<p>Dieser Grillaufsatz ist aus hochwertigem, 5 mm dickem Edelstahl gefertigt und garantiert so Langlebigkeit, auch bei intensiver Nutzung. Er ist hitzebest\u00e4ndig und l\u00e4sst sich nach Gebrauch leicht reinigen. <\/p>\n<p><strong>Erh\u00e4ltlich in drei Gr\u00f6\u00dfen<\/strong><\/p>\n<p>Der Tools4Grill Grill Riser ist in drei Gr\u00f6\u00dfen erh\u00e4ltlich, sodass er perfekt zu den Abmessungen Ihres Grills passt:<\/p>\n<ul>\n<li><strong>Klein<\/strong>: 28 cm<\/li>\n<li><strong>Mittel<\/strong>: 39 cm<\/li>\n<li><strong>Gro\u00df<\/strong>: 51 cm<\/li>\n<\/ul>\n<p>Egal ob Sie einen kompakten Grill oder ein gr\u00f6\u00dferes Modell besitzen, es gibt immer einen passenden Grillaufsatz f\u00fcr Ihren Grill.<\/p>\n<p><strong>Warum sollten Sie sich f\u00fcr den Tools4Grill Grillaufsatz entscheiden?<\/strong><\/p>\n<ul>\n<li>Vergr\u00f6\u00dfern Sie ganz einfach Ihre Kochfl\u00e4che<\/li>\n<li>Ideal zum Schmoren oder Warmhalten von Speisen<\/li>\n<li>Kann als zweite Mannschaftsliste zur Kapazit\u00e4tserh\u00f6hung dienen.<\/li>\n<li>Hergestellt aus robustem Edelstahl<\/li>\n<li>Erh\u00e4ltlich in drei Gr\u00f6\u00dfen f\u00fcr verschiedene Grillarten<\/li>\n<li>Universell anwendbar f\u00fcr alle Marken<\/li>\n<\/ul>\n<p>Mit dem Tools4Grill Grill Riser holen Sie mehr aus Ihrem Grillerlebnis heraus und stellen sicher, dass alle Ihre Gerichte perfekt zubereitet werden, unabh\u00e4ngig von der Menge.<\/p>\n<p>Das Modell Medium besteht aus hochwertigem, 5 mm dickem Edelstahl und hat die Ma\u00dfe 39,5 x 33,5 cm sowie eine H\u00f6he von 10,75 cm.<\/p>\n<p>&nbsp;<\/p>\n<p><strong>F\u00fcr ein perfektes Grillfest ist gutes Equipment nat\u00fcrlich unerl\u00e4sslich! Tools4Grill hat daher eine Auswahl an Produkten von Herstellern mit langj\u00e4hriger weltweiter Erfahrung in der Entwicklung und Produktion von Grillzubeh\u00f6r zusammengestellt \u2013 Qualit\u00e4t steht bei uns an erster Stelle. Sie brauchen sich also keine Sorgen zu machen! <\/strong><\/p>\n<p><strong>Unsere Produkte wurden ausf\u00fchrlich getestet und erf\u00fcllen alle Qualit\u00e4tsanforderungen.<\/strong><br \/>\n<strong>Das Sortiment ist exklusiv \u00fcber Bol.com und auf unserer eigenen Website erh\u00e4ltlich und wird st\u00e4ndig um neue, preisg\u00fcnstige Produkte in A-Qualit\u00e4t erweitert.<\/strong><\/p>\n","protected":false},"excerpt":{"rendered":"<p>Tools4Grill Grillerh\u00f6hung: Mehr Grillfl\u00e4che und Flexibilit\u00e4t f\u00fcr Ihren Grill Mit dem Tools4Grill Grillaufsatz vergr\u00f6\u00dfern Sie m\u00fchelos die Grillfl\u00e4che Ihres Grills und haben so mehr Platz, um verschiedene Gerichte gleichzeitig zuzubereiten. Dieses praktische Zubeh\u00f6r eignet sich perfekt zum Grillen von Fleisch, Fisch und Gem\u00fcse in unterschiedlichen H\u00f6hen, sodass Sie Garzeit und Temperatur optimal kontrollieren k\u00f6nnen. Mit [&hellip;]<\/p>\n","protected":false},"featured_media":522,"comment_status":"open","ping_status":"closed","template":"","meta":{"_et_pb_use_builder":"","_et_pb_old_content":"","_et_gb_content_width":""},"product_brand":[],"product_cat":[193,128,190,161],"product_tag":[272],"class_list":{"0":"post-225892","1":"product","2":"type-product","3":"status-publish","4":"has-post-thumbnail","6":"product_cat-20-zoll","7":"product_cat-21-zoll","8":"product_cat-23-zoll","9":"product_cat-grillerhohungen","10":"product_tag-39-5-cm","12":"first","13":"instock","14":"taxable","15":"shipping-taxable","16":"purchasable","17":"product-type-simple"},"_links":{"self":[{"href":"https:\/\/www.tools4grill.nl\/de\/wp-json\/wp\/v2\/product\/225892","targetHints":{"allow":["GET"]}}],"collection":[{"href":"https:\/\/www.tools4grill.nl\/de\/wp-json\/wp\/v2\/product"}],"about":[{"href":"https:\/\/www.tools4grill.nl\/de\/wp-json\/wp\/v2\/types\/product"}],"replies":[{"embeddable":true,"href":"https:\/\/www.tools4grill.nl\/de\/wp-json\/wp\/v2\/comments?post=225892"}],"wp:featuredmedia":[{"embeddable":true,"href":"https:\/\/www.tools4grill.nl\/de\/wp-json\/wp\/v2\/media\/522"}],"wp:attachment":[{"href":"https:\/\/www.tools4grill.nl\/de\/wp-json\/wp\/v2\/media?parent=225892"}],"wp:term":[{"taxonomy":"product_brand","embeddable":true,"href":"https:\/\/www.tools4grill.nl\/de\/wp-json\/wp\/v2\/product_brand?post=225892"},{"taxonomy":"product_cat","embeddable":true,"href":"https:\/\/www.tools4grill.nl\/de\/wp-json\/wp\/v2\/product_cat?post=225892"},{"taxonomy":"product_tag","embeddable":true,"href":"https:\/\/www.tools4grill.nl\/de\/wp-json\/wp\/v2\/product_tag?post=225892"}],"curies":[{"name":"wp","href":"https:\/\/api.w.org\/{rel}","templated":true}]}}