{"id":225871,"date":"2021-03-13T07:23:49","date_gmt":"2021-03-13T06:23:49","guid":{"rendered":"https:\/\/www.tools4grill.nl\/product\/pizzastein-34-cm\/"},"modified":"2021-03-13T07:23:49","modified_gmt":"2021-03-13T06:23:49","slug":"pizzastein-34-cm","status":"publish","type":"product","link":"https:\/\/www.tools4grill.nl\/de\/produkt\/pizzastein-34-cm\/","title":{"rendered":"Pizzastein 34 cm"},"content":{"rendered":"<p>Der gro\u00dfe Vorteil eines <strong>Tools4grill<\/strong> <strong>Pizzasteins<\/strong> liegt in der gleichm\u00e4\u00dfigen Hitzeverteilung von unten, die f\u00fcr einen herrlich knusprigen Boden sorgt. Mit dem richtigen Teig und der passenden Temperatur gelingen Ihnen damit k\u00f6stliche Pizzen wie direkt aus Italien.<br \/>\nDieser <strong>Tools4grill<\/strong> Pizzastein zeichnet sich durch seine Dicke von 1,2 cm aus. Er wird zusammen mit dem Grill vorgeheizt, wodurch Temperaturschwankungen vermieden werden. Sobald die gew\u00fcnschte Temperatur (ca. 250 Grad, je nach Teigart und Zubereitungsmethode) erreicht ist, gibt er die Hitze gleichm\u00e4\u00dfig an die Pizza ab. So k\u00f6nnen Sie im Handumdrehen leckere Pizzen vom Grill zaubern.  <\/p>\n<p>Selbstverst\u00e4ndlich kann der Stein auch einfach im Backofen verwendet werden.<\/p>\n<p>&nbsp;<\/p>\n","protected":false},"excerpt":{"rendered":"<p>Der gro\u00dfe Vorteil eines Tools4grill Pizzasteins liegt in der gleichm\u00e4\u00dfigen Hitzeverteilung von unten, die f\u00fcr einen herrlich knusprigen Boden sorgt. Mit dem richtigen Teig und der passenden Temperatur gelingen Ihnen damit k\u00f6stliche Pizzen wie direkt aus Italien. Dieser Tools4grill Pizzastein zeichnet sich durch seine Dicke von 1,2 cm aus. Er wird zusammen mit dem Grill [&hellip;]<\/p>\n","protected":false},"featured_media":569,"comment_status":"open","ping_status":"closed","template":"","meta":{"_et_pb_use_builder":"","_et_pb_old_content":"","_et_gb_content_width":""},"product_brand":[],"product_cat":[194,149],"product_tag":[220],"class_list":{"0":"post-225871","1":"product","2":"type-product","3":"status-publish","4":"has-post-thumbnail","6":"product_cat-18-zoll","7":"product_cat-pizzastein-speckstein","8":"product_tag-34-cm","10":"first","11":"instock","12":"taxable","13":"shipping-taxable","14":"purchasable","15":"product-type-simple"},"_links":{"self":[{"href":"https:\/\/www.tools4grill.nl\/de\/wp-json\/wp\/v2\/product\/225871","targetHints":{"allow":["GET"]}}],"collection":[{"href":"https:\/\/www.tools4grill.nl\/de\/wp-json\/wp\/v2\/product"}],"about":[{"href":"https:\/\/www.tools4grill.nl\/de\/wp-json\/wp\/v2\/types\/product"}],"replies":[{"embeddable":true,"href":"https:\/\/www.tools4grill.nl\/de\/wp-json\/wp\/v2\/comments?post=225871"}],"wp:featuredmedia":[{"embeddable":true,"href":"https:\/\/www.tools4grill.nl\/de\/wp-json\/wp\/v2\/media\/569"}],"wp:attachment":[{"href":"https:\/\/www.tools4grill.nl\/de\/wp-json\/wp\/v2\/media?parent=225871"}],"wp:term":[{"taxonomy":"product_brand","embeddable":true,"href":"https:\/\/www.tools4grill.nl\/de\/wp-json\/wp\/v2\/product_brand?post=225871"},{"taxonomy":"product_cat","embeddable":true,"href":"https:\/\/www.tools4grill.nl\/de\/wp-json\/wp\/v2\/product_cat?post=225871"},{"taxonomy":"product_tag","embeddable":true,"href":"https:\/\/www.tools4grill.nl\/de\/wp-json\/wp\/v2\/product_tag?post=225871"}],"curies":[{"name":"wp","href":"https:\/\/api.w.org\/{rel}","templated":true}]}}