{"id":225808,"date":"2021-02-12T08:04:45","date_gmt":"2021-02-12T07:04:45","guid":{"rendered":"https:\/\/www.tools4grill.nl\/product\/pizzastein-36-cm\/"},"modified":"2021-02-12T08:04:45","modified_gmt":"2021-02-12T07:04:45","slug":"pizzastein-36-cm","status":"publish","type":"product","link":"https:\/\/www.tools4grill.nl\/de\/produkt\/pizzastein-36-cm\/","title":{"rendered":"Pizzastein 36 cm"},"content":{"rendered":"<p>&nbsp;<\/p>\n<p>Der gro\u00dfe Vorteil eines <strong>Tools4grill<\/strong> <strong>Pizzasteins<\/strong> liegt darin, dass die Pizza gleichm\u00e4\u00dfig von unten erhitzt wird (bis maximal 600 Grad) und so einen herrlich knusprigen Boden erh\u00e4lt. Mit dem richtigen Teig und der richtigen Temperatur gelingen Ihnen die leckersten Pizzen, die wie in Italien schmecken.<br \/>\nDieser <strong>Tools4grill<\/strong> Pizzastein zeichnet sich durch seine Dicke von 1,2 cm aus. Er wird zusammen mit dem Grill vorgeheizt, wodurch gro\u00dfe Temperaturschwankungen vermieden werden. Sobald er die gew\u00fcnschte Temperatur erreicht hat (ca. 250 Grad, abh\u00e4ngig von Teig und Zubereitungsmethode), gibt er die Hitze gleichm\u00e4\u00dfig an die Pizza ab, sodass Sie im Handumdrehen k\u00f6stliche Pizzen vom Grill zaubern k\u00f6nnen.  <\/p>\n","protected":false},"excerpt":{"rendered":"<p>&nbsp; Der gro\u00dfe Vorteil eines Tools4grill Pizzasteins liegt darin, dass die Pizza gleichm\u00e4\u00dfig von unten erhitzt wird (bis maximal 600 Grad) und so einen herrlich knusprigen Boden erh\u00e4lt. Mit dem richtigen Teig und der richtigen Temperatur gelingen Ihnen die leckersten Pizzen, die wie in Italien schmecken. Dieser Tools4grill Pizzastein zeichnet sich durch seine Dicke von [&hellip;]<\/p>\n","protected":false},"featured_media":515,"comment_status":"open","ping_status":"closed","template":"","meta":{"_et_pb_use_builder":"","_et_pb_old_content":"","_et_gb_content_width":""},"product_brand":[],"product_cat":[193,149],"product_tag":[215],"class_list":{"0":"post-225808","1":"product","2":"type-product","3":"status-publish","4":"has-post-thumbnail","6":"product_cat-20-zoll","7":"product_cat-pizzastein-speckstein","8":"product_tag-36-cm","10":"first","11":"instock","12":"taxable","13":"shipping-taxable","14":"purchasable","15":"product-type-simple"},"_links":{"self":[{"href":"https:\/\/www.tools4grill.nl\/de\/wp-json\/wp\/v2\/product\/225808","targetHints":{"allow":["GET"]}}],"collection":[{"href":"https:\/\/www.tools4grill.nl\/de\/wp-json\/wp\/v2\/product"}],"about":[{"href":"https:\/\/www.tools4grill.nl\/de\/wp-json\/wp\/v2\/types\/product"}],"replies":[{"embeddable":true,"href":"https:\/\/www.tools4grill.nl\/de\/wp-json\/wp\/v2\/comments?post=225808"}],"wp:featuredmedia":[{"embeddable":true,"href":"https:\/\/www.tools4grill.nl\/de\/wp-json\/wp\/v2\/media\/515"}],"wp:attachment":[{"href":"https:\/\/www.tools4grill.nl\/de\/wp-json\/wp\/v2\/media?parent=225808"}],"wp:term":[{"taxonomy":"product_brand","embeddable":true,"href":"https:\/\/www.tools4grill.nl\/de\/wp-json\/wp\/v2\/product_brand?post=225808"},{"taxonomy":"product_cat","embeddable":true,"href":"https:\/\/www.tools4grill.nl\/de\/wp-json\/wp\/v2\/product_cat?post=225808"},{"taxonomy":"product_tag","embeddable":true,"href":"https:\/\/www.tools4grill.nl\/de\/wp-json\/wp\/v2\/product_tag?post=225808"}],"curies":[{"name":"wp","href":"https:\/\/api.w.org\/{rel}","templated":true}]}}