{"id":225805,"date":"2021-02-11T10:34:24","date_gmt":"2021-02-11T09:34:24","guid":{"rendered":"https:\/\/www.tools4grill.nl\/product\/rechteckig-40-x-33-cm-3er-pack\/"},"modified":"2021-02-11T10:34:24","modified_gmt":"2021-02-11T09:34:24","slug":"rechteckig-40-x-33-cm-3er-pack","status":"publish","type":"product","link":"https:\/\/www.tools4grill.nl\/de\/produkt\/rechteckig-40-x-33-cm-3er-pack\/","title":{"rendered":"Rechteckig, 40 x 33 cm, 3er-Pack"},"content":{"rendered":"<p>Verwenden Sie diese hochwertige Antihaft-Folie zum Braten oder Grillen von Fleisch, Fisch, H\u00e4hnchen, Gem\u00fcse und Keksen. Sie ben\u00f6tigen weder Butter noch \u00d6l. Ihr Fleisch oder Gem\u00fcse br\u00e4unt wunderbar, ohne anzubrennen. Und nach dem Braten oder Grillen? Die Folie l\u00e4sst sich ganz einfach mit hei\u00dfem Wasser absp\u00fclen oder in die Sp\u00fclmaschine geben.    <\/p>\n<p>Dieser Film ist beidseitig verwendbar.<\/p>\n<p>3er-Pack<\/p>\n<p>Hochwertiges PTFE<\/p>\n<p>\u2714 Teflon-Backmatte, vielseitig einsetzbar \u2013 im Backofen, in der Mikrowelle oder auf dem Grill!<\/p>\n<p>\u2714 Verhindert, dass Lebensmittel durch die L\u00f6cher des Grills oder Backofens fallen!<\/p>\n<p>\u2714 Gro\u00dfes Design von 400 x 330 mm zum gleichzeitigen Backen von Gem\u00fcse, Fleisch, Fisch und mehr!<\/p>\n<p>\u2714 100 % antihaftbeschichtet und wiederverwendbar!<\/p>\n<p>\u2714 Best\u00e4ndig gegen hohe Temperaturen bis zu 260 Grad Celsius!<\/p>\n<p>\u2714 Nach Gebrauch leicht zu reinigen \u2013 auch sp\u00fclmaschinenfest!<\/p>\n","protected":false},"excerpt":{"rendered":"<p>Verwenden Sie diese hochwertige Antihaft-Folie zum Braten oder Grillen von Fleisch, Fisch, H\u00e4hnchen, Gem\u00fcse und Keksen. Sie ben\u00f6tigen weder Butter noch \u00d6l. Ihr Fleisch oder Gem\u00fcse br\u00e4unt wunderbar, ohne anzubrennen. Und nach dem Braten oder Grillen? Die Folie l\u00e4sst sich ganz einfach mit hei\u00dfem Wasser absp\u00fclen oder in die Sp\u00fclmaschine geben. Dieser Film ist beidseitig [&hellip;]<\/p>\n","protected":false},"featured_media":330,"comment_status":"open","ping_status":"closed","template":"","meta":{"_et_pb_use_builder":"","_et_pb_old_content":"","_et_gb_content_width":""},"product_brand":[],"product_cat":[176],"product_tag":[267],"class_list":{"0":"post-225805","1":"product","2":"type-product","3":"status-publish","4":"has-post-thumbnail","6":"product_cat-antihaftfolien","7":"product_tag-40x33-cm","9":"first","10":"instock","11":"taxable","12":"shipping-taxable","13":"purchasable","14":"product-type-simple"},"_links":{"self":[{"href":"https:\/\/www.tools4grill.nl\/de\/wp-json\/wp\/v2\/product\/225805","targetHints":{"allow":["GET"]}}],"collection":[{"href":"https:\/\/www.tools4grill.nl\/de\/wp-json\/wp\/v2\/product"}],"about":[{"href":"https:\/\/www.tools4grill.nl\/de\/wp-json\/wp\/v2\/types\/product"}],"replies":[{"embeddable":true,"href":"https:\/\/www.tools4grill.nl\/de\/wp-json\/wp\/v2\/comments?post=225805"}],"wp:featuredmedia":[{"embeddable":true,"href":"https:\/\/www.tools4grill.nl\/de\/wp-json\/wp\/v2\/media\/330"}],"wp:attachment":[{"href":"https:\/\/www.tools4grill.nl\/de\/wp-json\/wp\/v2\/media?parent=225805"}],"wp:term":[{"taxonomy":"product_brand","embeddable":true,"href":"https:\/\/www.tools4grill.nl\/de\/wp-json\/wp\/v2\/product_brand?post=225805"},{"taxonomy":"product_cat","embeddable":true,"href":"https:\/\/www.tools4grill.nl\/de\/wp-json\/wp\/v2\/product_cat?post=225805"},{"taxonomy":"product_tag","embeddable":true,"href":"https:\/\/www.tools4grill.nl\/de\/wp-json\/wp\/v2\/product_tag?post=225805"}],"curies":[{"name":"wp","href":"https:\/\/api.w.org\/{rel}","templated":true}]}}