{"id":225799,"date":"2021-02-11T10:30:31","date_gmt":"2021-02-11T09:30:31","guid":{"rendered":"https:\/\/www.tools4grill.nl\/product\/runde-60-cm-2er-packung\/"},"modified":"2021-02-11T10:30:31","modified_gmt":"2021-02-11T09:30:31","slug":"runde-60-cm-2er-packung","status":"publish","type":"product","link":"https:\/\/www.tools4grill.nl\/de\/produkt\/runde-60-cm-2er-packung\/","title":{"rendered":"Runde 60 cm, 2er-Packung"},"content":{"rendered":"<p>Diese <strong>XXL<\/strong>-Matten f\u00fcr Kamado, BBQ, Ofen und Grill sind einfach zu verwenden.<\/p>\n<p>Legen Sie die Matte auf den Rost des Grills, Backofens oder Grillrosts und beginnen Sie mit dem Backen!<\/p>\n<p>\u2714 Dank der Antihaft-Eigenschaften ist kein Fett oder \u00d6l erforderlich, da die Matte nicht klebt.<\/p>\n<p>\u2714 Die Matte verhindert Fetttropfen und damit Grillflammen, sodass Ihr Fleisch, Fisch oder Gem\u00fcse nicht verbrennt.<\/p>\n<p>\u2714 Die Matte kann im Backofen, auf dem Grill oder auf dem Barbecue verwendet werden. Sie eignet sich f\u00fcr verschiedene W\u00e4rmequellen wie Briketts, Smoker, Gas-, Propangas-, Elektro- oder Holzkohlegrills. Die Matte ist hitzebest\u00e4ndig bis 250 Grad Fahrenheit (ca. 210 \u00b0C bzw. 260 \u00b0C).  <\/p>\n<p>&nbsp;<\/p>\n<p>\u25b6 Material: Teflon<\/p>\n<p>\u25b6 Farbe: Schwarz<\/p>\n<p>\u25b6 Einfach zu bedienen und leicht zu reinigen<\/p>\n<p>\u25b6 F\u00fcr Backofen, Grill, Kamado oder BBQ<\/p>\n<p>\u25b6 Sp\u00fclmaschinenfest<\/p>\n<p>\u25b6 Hitzebest\u00e4ndig bis 250 Grad oder 500 Grad Fahrenheit<\/p>\n<p>\u25b6 Antihaftwirkung<\/p>\n<p>\u25b6 100 % PFOA-frei<\/p>\n<p>\u25b6 XXL afmeting 60 cm \/ 23 Inch rond<\/p>\n<p>\u25b6 Multifunktional (Fisch, Fleisch, Gem\u00fcse und Backwaren)<\/p>\n","protected":false},"excerpt":{"rendered":"<p>Diese XXL-Matten f\u00fcr Kamado, BBQ, Ofen und Grill sind einfach zu verwenden. Legen Sie die Matte auf den Rost des Grills, Backofens oder Grillrosts und beginnen Sie mit dem Backen! \u2714 Dank der Antihaft-Eigenschaften ist kein Fett oder \u00d6l erforderlich, da die Matte nicht klebt. \u2714 Die Matte verhindert Fetttropfen und damit Grillflammen, sodass Ihr [&hellip;]<\/p>\n","protected":false},"featured_media":330,"comment_status":"open","ping_status":"closed","template":"","meta":{"_et_pb_use_builder":"","_et_pb_old_content":"","_et_gb_content_width":""},"product_brand":[],"product_cat":[176],"product_tag":[264],"class_list":{"0":"post-225799","1":"product","2":"type-product","3":"status-publish","4":"has-post-thumbnail","6":"product_cat-antihaftfolien","7":"product_tag-60-cm","9":"first","10":"instock","11":"taxable","12":"shipping-taxable","13":"purchasable","14":"product-type-simple"},"_links":{"self":[{"href":"https:\/\/www.tools4grill.nl\/de\/wp-json\/wp\/v2\/product\/225799","targetHints":{"allow":["GET"]}}],"collection":[{"href":"https:\/\/www.tools4grill.nl\/de\/wp-json\/wp\/v2\/product"}],"about":[{"href":"https:\/\/www.tools4grill.nl\/de\/wp-json\/wp\/v2\/types\/product"}],"replies":[{"embeddable":true,"href":"https:\/\/www.tools4grill.nl\/de\/wp-json\/wp\/v2\/comments?post=225799"}],"wp:featuredmedia":[{"embeddable":true,"href":"https:\/\/www.tools4grill.nl\/de\/wp-json\/wp\/v2\/media\/330"}],"wp:attachment":[{"href":"https:\/\/www.tools4grill.nl\/de\/wp-json\/wp\/v2\/media?parent=225799"}],"wp:term":[{"taxonomy":"product_brand","embeddable":true,"href":"https:\/\/www.tools4grill.nl\/de\/wp-json\/wp\/v2\/product_brand?post=225799"},{"taxonomy":"product_cat","embeddable":true,"href":"https:\/\/www.tools4grill.nl\/de\/wp-json\/wp\/v2\/product_cat?post=225799"},{"taxonomy":"product_tag","embeddable":true,"href":"https:\/\/www.tools4grill.nl\/de\/wp-json\/wp\/v2\/product_tag?post=225799"}],"curies":[{"name":"wp","href":"https:\/\/api.w.org\/{rel}","templated":true}]}}