{"id":225784,"date":"2021-02-11T10:29:27","date_gmt":"2021-02-11T09:29:27","guid":{"rendered":"https:\/\/www.tools4grill.nl\/product\/runde-48-cm-packung-mit-2-stueck-cadac-skottel\/"},"modified":"2026-03-19T04:07:41","modified_gmt":"2026-03-19T03:07:41","slug":"runde-48-cm-packung-mit-2-stueck-cadac-skottel","status":"publish","type":"product","link":"https:\/\/www.tools4grill.nl\/de\/produkt\/runde-48-cm-packung-mit-2-stueck-cadac-skottel\/","title":{"rendered":"Runde 48 cm Packung mit 2 St\u00fcck (cadac skottel)"},"content":{"rendered":"<p data-start=\"93\" data-end=\"163\"><strong data-start=\"93\" data-end=\"163\">Antihaftfolie \u00d848cm \u2013 passt perfekt auf den Cadac Skottelbraai<\/strong><\/p>\n<ul data-start=\"165\" data-end=\"736\">\n<li data-start=\"165\" data-end=\"285\">\n<p data-start=\"167\" data-end=\"285\"><strong data-start=\"0\" data-end=\"29\" data-is-last-node=\"\" data-is-only-node=\"\">Gesundes und fettfreies Grillen<\/strong><br data-start=\"204\" data-end=\"207\">Dank der hochwertigen PTFE-Beschichtung k\u00f6nnen Sie Fleisch, Fisch, Gefl\u00fcgel und Gem\u00fcse ohne Butter oder \u00d6l zubereiten \u2013 f\u00fcr eine ges\u00fcndere Mahlzeit und ein knuspriges, goldbraunes Ergebnis.<\/p>\n<\/li>\n<li data-start=\"287\" data-end=\"407\">\n<p data-start=\"289\" data-end=\"407\"><strong data-start=\"0\" data-end=\"43\" data-is-last-node=\"\" data-is-only-node=\"\">Einfach f\u00fcr die n\u00e4chste Runde reinigen<\/strong><br data-start=\"326\" data-end=\"329\">Die Folie mit hei\u00dfem Wasser abwaschen oder in die Sp\u00fclmaschine geben \u2013 der Skottel bleibt perfekt sauber, ganz ohne Scheuerschwamm oder Schrubben.<\/p>\n<\/li>\n<li data-start=\"409\" data-end=\"529\">\n<p data-start=\"411\" data-end=\"529\"><strong data-start=\"0\" data-end=\"37\" data-is-last-node=\"\" data-is-only-node=\"\">Doppelseitig und robust<\/strong><br data-start=\"448\" data-end=\"451\">Drehen Sie die Folie um und verl\u00e4ngern Sie so ihre Lebensdauer \u2013 langlebig und mehrfach wiederverwendbar<\/p>\n<\/li>\n<li data-start=\"531\" data-end=\"616\">\n<p data-start=\"533\" data-end=\"616\"><strong data-start=\"0\" data-end=\"27\" data-is-last-node=\"\" data-is-only-node=\"\">Perfekt passende Gr\u00f6\u00dfe<\/strong><br data-start=\"572\" data-end=\"575\"><strong data-start=\"0\" data-end=\"11\" data-is-only-node=\"\">\u00d8 48 cm<\/strong>, speziell f\u00fcr den <strong data-start=\"40\" data-end=\"57\">Cadac Skottel <\/strong>(ca. 47 cm Durchmesser) und den runden 19\u2033 Kamado-Grill entwickelt. L\u00e4sst sich auch leicht zuschneiden (z. B. halbmondf\u00f6rmig).<\/p>\n<\/li>\n<li data-start=\"618\" data-end=\"736\">\n<p data-start=\"620\" data-end=\"736\"><span class=\"relative -mx-px my-[-0.2rem] rounded px-px py-[0.2rem] transition-colors duration-100 ease-in-out\">Empfohlene Vorsichtsma\u00dfnahmen f\u00fcr die Verwendung<\/span>: Verwenden Sie weiche Spatel (Holz oder Silikon), um die PTFE-Beschichtung zu sch\u00fctzen. Nicht geeignet f\u00fcr den direkten Kontakt mit offenen Flammen, Brennern oder Heizelementen.<\/p>\n<\/li>\n<\/ul>\n<p><strong>F\u00fcr ein perfektes Grillfest ist gutes Equipment nat\u00fcrlich unerl\u00e4sslich! Tools4Grill hat daher eine Auswahl an Produkten von Herstellern mit langj\u00e4hriger weltweiter Erfahrung in der Entwicklung und Produktion von Grillzubeh\u00f6r zusammengestellt \u2013 Qualit\u00e4t steht bei uns an erster Stelle. Sie brauchen sich also keine Sorgen zu machen! <\/strong><\/p>\n<p><strong>Unsere Produkte wurden ausf\u00fchrlich getestet und erf\u00fcllen alle Qualit\u00e4tsanforderungen.<\/strong><br \/>\n<strong>Das Sortiment ist exklusiv \u00fcber Bol.com und auf unserer eigenen Website erh\u00e4ltlich und wird st\u00e4ndig um neue, preisg\u00fcnstige Produkte in A-Qualit\u00e4t erweitert.<\/strong><\/p>\n","protected":false},"excerpt":{"rendered":"<p>Antihaftfolie \u00d848cm \u2013 passt perfekt auf den Cadac Skottelbraai Gesundes und fettfreies GrillenDank der hochwertigen PTFE-Beschichtung k\u00f6nnen Sie Fleisch, Fisch, Gefl\u00fcgel und Gem\u00fcse ohne Butter oder \u00d6l zubereiten \u2013 f\u00fcr eine ges\u00fcndere Mahlzeit und ein knuspriges, goldbraunes Ergebnis. Einfach f\u00fcr die n\u00e4chste Runde reinigenDie Folie mit hei\u00dfem Wasser abwaschen oder in die Sp\u00fclmaschine geben \u2013 [&hellip;]<\/p>\n","protected":false},"featured_media":336,"comment_status":"open","ping_status":"closed","template":"","meta":{"_et_pb_use_builder":"","_et_pb_old_content":"","_et_gb_content_width":""},"product_brand":[],"product_cat":[190,176],"product_tag":[261],"class_list":{"0":"post-225784","1":"product","2":"type-product","3":"status-publish","4":"has-post-thumbnail","6":"product_cat-23-zoll","7":"product_cat-antihaftfolien","8":"product_tag-48-cm","10":"first","11":"instock","12":"taxable","13":"shipping-taxable","14":"product-type-simple"},"_links":{"self":[{"href":"https:\/\/www.tools4grill.nl\/de\/wp-json\/wp\/v2\/product\/225784","targetHints":{"allow":["GET"]}}],"collection":[{"href":"https:\/\/www.tools4grill.nl\/de\/wp-json\/wp\/v2\/product"}],"about":[{"href":"https:\/\/www.tools4grill.nl\/de\/wp-json\/wp\/v2\/types\/product"}],"replies":[{"embeddable":true,"href":"https:\/\/www.tools4grill.nl\/de\/wp-json\/wp\/v2\/comments?post=225784"}],"wp:featuredmedia":[{"embeddable":true,"href":"https:\/\/www.tools4grill.nl\/de\/wp-json\/wp\/v2\/media\/336"}],"wp:attachment":[{"href":"https:\/\/www.tools4grill.nl\/de\/wp-json\/wp\/v2\/media?parent=225784"}],"wp:term":[{"taxonomy":"product_brand","embeddable":true,"href":"https:\/\/www.tools4grill.nl\/de\/wp-json\/wp\/v2\/product_brand?post=225784"},{"taxonomy":"product_cat","embeddable":true,"href":"https:\/\/www.tools4grill.nl\/de\/wp-json\/wp\/v2\/product_cat?post=225784"},{"taxonomy":"product_tag","embeddable":true,"href":"https:\/\/www.tools4grill.nl\/de\/wp-json\/wp\/v2\/product_tag?post=225784"}],"curies":[{"name":"wp","href":"https:\/\/api.w.org\/{rel}","templated":true}]}}