{"id":225765,"date":"2021-02-11T10:22:26","date_gmt":"2021-02-11T09:22:26","guid":{"rendered":"https:\/\/www.tools4grill.nl\/product\/runde-24-cm-2er-packung\/"},"modified":"2021-02-11T10:22:26","modified_gmt":"2021-02-11T09:22:26","slug":"runde-24-cm-2er-packung","status":"publish","type":"product","link":"https:\/\/www.tools4grill.nl\/de\/produkt\/runde-24-cm-2er-packung\/","title":{"rendered":"Runde 24 cm, 2er-Packung"},"content":{"rendered":"<blockquote><p>Mit diesen 2 wiederverwendbaren, runden Antihaft-Backmatten geh\u00f6ren angebrannte Pfannen der Vergangenheit an und Sie ben\u00f6tigen weder \u00d6l noch Fett zum Kochen! Die runden Antihaft-Backmatten sind sehr leicht zu reinigen und ideal zum Braten von Fleisch, Eiern und Gem\u00fcse ohne \u00d6l oder Fett. <\/p><\/blockquote>\n<p>Nie wieder angebrannte Pfannen! Mit dieser runden Backmatte geh\u00f6ren angebrannte Pfannen der Vergangenheit an. Die Matte f\u00e4ngt Fett und Speisereste auf, sodass Sie nur noch die Matte reinigen m\u00fcssen! Ihre Pfannen bleiben immer sch\u00f6n und frei von Kratzern und unsch\u00f6nen Flecken durch angebrannte Speisereste.  <\/p>\n<p><b>Backen ohne Fett!<\/b><br \/>\nMit dieser runden Backmatte ben\u00f6tigen Sie zum Braten kein \u00d6l oder Fett. Sie k\u00f6nnen Fleisch, Fisch und sogar Eier braten, ohne einen einzigen Tropfen \u00d6l zu verwenden! <\/p>\n<p>Wiederverwendbare Backfolie<br \/>\nSie k\u00f6nnen die Backfolie so oft verwenden, wie Sie m\u00f6chten, und sie ist ideal f\u00fcr den t\u00e4glichen Gebrauch.<\/p>\n<p>Geeignet f\u00fcr hohe Temperaturen<br \/>\nDie durchschnittliche Backtemperatur liegt zwischen 70 und 360 Grad. Diese Backfolie ist f\u00fcr Temperaturen bis zu 400 Grad Celsius geeignet. <\/p>\n<p>Runde Backmatte mit Antihaftbeschichtung<br \/>\nDie runde Backmatte ist antihaftbeschichtet und erm\u00f6glicht so ein m\u00fcheloses Backen. Nichts bleibt an der Matte kleben, sodass Sie alles problemlos zubereiten k\u00f6nnen. <\/p>\n<p>Leicht zu reinigen<br \/>\nDank der Antihaft-Eigenschaften der Backfolie ist sie besonders leicht zu reinigen. Diese wiederverwendbare Backfolie l\u00e4sst sich ganz einfach mit einem Tuch abwischen und ist zudem sp\u00fclmaschinenfest. <\/p>\n<p>Sicher in der Anwendung<br \/>\nDie Backmatte ist ungiftig und lebensmittelecht. Sie ist PFOA-frei. <\/p>\n<p>Geeignet f\u00fcr Kochutensilien aus Holz, Kunststoff oder Stahl<br \/>\nMit der runden Backmatte m\u00fcssen Sie sich keine Gedanken mehr dar\u00fcber machen, welche Kochutensilien Sie verwenden. Die Backmatte sch\u00fctzt Ihre Bratpfanne vor Kratzern, die beispielsweise durch einen Edelstahlspatel entstehen k\u00f6nnen. <\/p>\n<p>Auch als Kuchen- und Pizzauntersetzer verwendbar<br \/>\nDiese Backfolie eignet sich als Kuchenuntersetzer, um Kuchen m\u00fchelos aus einer runden Backform zu l\u00f6sen. Sie k\u00f6nnen die runde Backmatte auch als Untersetzer zum Pizzabacken verwenden, da sie ofenfest ist. Bei Bedarf k\u00f6nnen Sie die Backfolie mit einer Schere zuschneiden.   <\/p>\n<p>Spezifikationen:<br \/>\u2713 Material: PTFE-beschichtetes Glasfasergewebe<br \/>\n\u2713 Farbe: Schwarz<br \/>\n\u2713 Gr\u00f6\u00dfe: Durchmesser ca. 24 cm<br \/>\n\u2713 Dicke: ca. 0,12 mm<\/p>\n<p>Vorteile:<br \/>\u2713 Braten ohne \u00d6l oder Fett<br \/>\n\u2713 Nie wieder eingebrannte Pfannen<br \/>\n\u2713 Sch\u00fctzt Ihre Pfannen vor Kratzern<br \/>\n\u2713 Geeignet f\u00fcr Kochutensilien aus Holz, Kunststoff oder Edelstahl<br \/>\n\u2713 Immer wieder verwendbar<br \/>\n\u2713 Leicht mit einem Tuch abzuwischen<br \/>\n\u2713 Sp\u00fclmaschinenfest<br \/>\n\u2713 Ofenfest<br \/>\n\u2713 Hitzebest\u00e4ndig bis 400 \u00b0C<br \/>\n\u2713 Schadstofffrei und PFOA-frei<\/p>\n<p>Nie wieder angebrannte Pfannen dank dieser Antihaftmatte! Ab sofort ben\u00f6tigen Sie beim Kochen kein \u00d6l oder Fett mehr. Kochen war noch nie so einfach!  <\/p>\n","protected":false},"excerpt":{"rendered":"<p>Mit diesen 2 wiederverwendbaren, runden Antihaft-Backmatten geh\u00f6ren angebrannte Pfannen der Vergangenheit an und Sie ben\u00f6tigen weder \u00d6l noch Fett zum Kochen! Die runden Antihaft-Backmatten sind sehr leicht zu reinigen und ideal zum Braten von Fleisch, Eiern und Gem\u00fcse ohne \u00d6l oder Fett. Nie wieder angebrannte Pfannen! Mit dieser runden Backmatte geh\u00f6ren angebrannte Pfannen der Vergangenheit [&hellip;]<\/p>\n","protected":false},"featured_media":338,"comment_status":"open","ping_status":"closed","template":"","meta":{"_et_pb_use_builder":"","_et_pb_old_content":"","_et_gb_content_width":""},"product_brand":[],"product_cat":[176],"product_tag":[230],"class_list":{"0":"post-225765","1":"product","2":"type-product","3":"status-publish","4":"has-post-thumbnail","6":"product_cat-antihaftfolien","7":"product_tag-24-cm","9":"first","10":"instock","11":"taxable","12":"shipping-taxable","13":"purchasable","14":"product-type-simple"},"_links":{"self":[{"href":"https:\/\/www.tools4grill.nl\/de\/wp-json\/wp\/v2\/product\/225765","targetHints":{"allow":["GET"]}}],"collection":[{"href":"https:\/\/www.tools4grill.nl\/de\/wp-json\/wp\/v2\/product"}],"about":[{"href":"https:\/\/www.tools4grill.nl\/de\/wp-json\/wp\/v2\/types\/product"}],"replies":[{"embeddable":true,"href":"https:\/\/www.tools4grill.nl\/de\/wp-json\/wp\/v2\/comments?post=225765"}],"wp:featuredmedia":[{"embeddable":true,"href":"https:\/\/www.tools4grill.nl\/de\/wp-json\/wp\/v2\/media\/338"}],"wp:attachment":[{"href":"https:\/\/www.tools4grill.nl\/de\/wp-json\/wp\/v2\/media?parent=225765"}],"wp:term":[{"taxonomy":"product_brand","embeddable":true,"href":"https:\/\/www.tools4grill.nl\/de\/wp-json\/wp\/v2\/product_brand?post=225765"},{"taxonomy":"product_cat","embeddable":true,"href":"https:\/\/www.tools4grill.nl\/de\/wp-json\/wp\/v2\/product_cat?post=225765"},{"taxonomy":"product_tag","embeddable":true,"href":"https:\/\/www.tools4grill.nl\/de\/wp-json\/wp\/v2\/product_tag?post=225765"}],"curies":[{"name":"wp","href":"https:\/\/api.w.org\/{rel}","templated":true}]}}