{"id":225488,"date":"2021-02-11T10:15:06","date_gmt":"2021-02-11T09:15:06","guid":{"rendered":"https:\/\/www.tools4grill.nl\/product\/runde-pizzafoermchen-105-cm-durchmesser-6er-packung\/"},"modified":"2021-02-11T10:15:06","modified_gmt":"2021-02-11T09:15:06","slug":"runde-pizzafoermchen-105-cm-durchmesser-6er-packung","status":"publish","type":"product","link":"https:\/\/www.tools4grill.nl\/de\/produkt\/runde-pizzafoermchen-105-cm-durchmesser-6er-packung\/","title":{"rendered":"Runde Pizzaf\u00f6rmchen, 10,5 cm Durchmesser, 6er-Packung"},"content":{"rendered":"<p>Mit diesem Pizzaofen geh\u00f6ren klebrige Pizzen der Vergangenheit an. Dank der speziell angefertigten Antihaft-Teflonscheiben gelingt Ihnen Pizza immer wieder, ohne dass etwas am Spatel kleben bleibt. Auch die Reinigung ist kinderleicht. Die einzigartige Teflonfolie l\u00e4sst sich ganz einfach mit einer Sp\u00fclb\u00fcrste und etwas Sp\u00fclmittelwasser oder in der Sp\u00fclmaschine reinigen. Mit mindestens zwei Antihaftfolien pro Spatel k\u00f6nnen Sie Ihre Pizza auch auf einem Teller vorbereiten und sie dann m\u00fchelos auf den Pizzaschieber gleiten lassen.    <\/p>\n<p>Hergestellt aus hochwertigem Teflonmaterial, ist sie immer wieder verwendbar und erm\u00f6glicht Ihnen unbeschwerten Pizzaofengenuss.<br \/>\nGeeignet f\u00fcr Temperaturen bis zu 400 Grad Celsius.<\/p>\n","protected":false},"excerpt":{"rendered":"<p>Mit diesem Pizzaofen geh\u00f6ren klebrige Pizzen der Vergangenheit an. Dank der speziell angefertigten Antihaft-Teflonscheiben gelingt Ihnen Pizza immer wieder, ohne dass etwas am Spatel kleben bleibt. Auch die Reinigung ist kinderleicht. Die einzigartige Teflonfolie l\u00e4sst sich ganz einfach mit einer Sp\u00fclb\u00fcrste und etwas Sp\u00fclmittelwasser oder in der Sp\u00fclmaschine reinigen. Mit mindestens zwei Antihaftfolien pro Spatel [&hellip;]<\/p>\n","protected":false},"featured_media":318,"comment_status":"open","ping_status":"closed","template":"","meta":{"_et_pb_use_builder":"","_et_pb_old_content":"","_et_gb_content_width":""},"product_brand":[],"product_cat":[176],"product_tag":[234],"class_list":{"0":"post-225488","1":"product","2":"type-product","3":"status-publish","4":"has-post-thumbnail","6":"product_cat-antihaftfolien","7":"product_tag-10-5-cm","9":"first","10":"instock","11":"taxable","12":"shipping-taxable","13":"purchasable","14":"product-type-simple"},"_links":{"self":[{"href":"https:\/\/www.tools4grill.nl\/de\/wp-json\/wp\/v2\/product\/225488","targetHints":{"allow":["GET"]}}],"collection":[{"href":"https:\/\/www.tools4grill.nl\/de\/wp-json\/wp\/v2\/product"}],"about":[{"href":"https:\/\/www.tools4grill.nl\/de\/wp-json\/wp\/v2\/types\/product"}],"replies":[{"embeddable":true,"href":"https:\/\/www.tools4grill.nl\/de\/wp-json\/wp\/v2\/comments?post=225488"}],"wp:featuredmedia":[{"embeddable":true,"href":"https:\/\/www.tools4grill.nl\/de\/wp-json\/wp\/v2\/media\/318"}],"wp:attachment":[{"href":"https:\/\/www.tools4grill.nl\/de\/wp-json\/wp\/v2\/media?parent=225488"}],"wp:term":[{"taxonomy":"product_brand","embeddable":true,"href":"https:\/\/www.tools4grill.nl\/de\/wp-json\/wp\/v2\/product_brand?post=225488"},{"taxonomy":"product_cat","embeddable":true,"href":"https:\/\/www.tools4grill.nl\/de\/wp-json\/wp\/v2\/product_cat?post=225488"},{"taxonomy":"product_tag","embeddable":true,"href":"https:\/\/www.tools4grill.nl\/de\/wp-json\/wp\/v2\/product_tag?post=225488"}],"curies":[{"name":"wp","href":"https:\/\/api.w.org\/{rel}","templated":true}]}}