{"id":225438,"date":"2021-02-11T09:48:03","date_gmt":"2021-02-11T08:48:03","guid":{"rendered":"https:\/\/www.tools4grill.nl\/product\/23-zoll-teile-und-herrsche\/"},"modified":"2021-02-11T09:48:03","modified_gmt":"2021-02-11T08:48:03","slug":"23-zoll-teile-und-herrsche","status":"publish","type":"product","link":"https:\/\/www.tools4grill.nl\/de\/produkt\/23-zoll-teile-und-herrsche\/","title":{"rendered":"23 Zoll Teile und herrsche"},"content":{"rendered":"<p><strong>Divide &amp; Conquer Flexibles Kochsystem f\u00fcr jeden Kamado-Grill: Das ultimative Zubeh\u00f6r f\u00fcr vielseitiges Kochen<\/strong><\/p>\n<p>Das flexible Grillrostsystem von Tools4Grill ist das perfekte Zubeh\u00f6r, um das volle Potenzial Ihres Kamado-Grills auszusch\u00f6pfen. Diese innovative, mehrstufige Grillplattform erm\u00f6glicht Ihnen vielf\u00e4ltige Konfigurationsm\u00f6glichkeiten Ihres Kamado und erlaubt Ihnen, verschiedene Grillzonen und -h\u00f6hen f\u00fcr ein abwechslungsreiches Grillerlebnis zu schaffen. <\/p>\n<p>Dieses System erm\u00f6glicht die segmentierte Nutzung des Kamado f\u00fcr direktes und indirektes Garen. Die halbmondf\u00f6rmigen Platteneins\u00e4tze erlauben indirektes Garen, w\u00e4hrend die halbmondf\u00f6rmigen Roste f\u00fcr eine optimale Hitzeverteilung in verschiedenen H\u00f6hen positioniert werden k\u00f6nnen. Mit diesem System k\u00f6nnen Sie pr\u00e4zise und kontrolliert grillen, r\u00e4uchern und schmoren.  <\/p>\n<p>Neben dem Edelstahlrahmen erhalten Sie zwei halbmondf\u00f6rmige Hitzeschilde und zwei halbe Edelstahlroste sowie einen praktischen Edelstahlstern. Dieser Stern eignet sich ideal zum Aufh\u00e4ngen eines Schmortopfs oder zum Platzieren eines Pizzasteins und er\u00f6ffnet Ihnen so noch mehr M\u00f6glichkeiten f\u00fcr kulinarische Kreativit\u00e4t. <\/p>\n<p><strong>Vielseitigkeit und Benutzerfreundlichkeit<\/strong><\/p>\n<p>Das flexible Garsystem eignet sich perfekt zum Schongaren und erm\u00f6glicht es Ihnen, Gerichte langsam und indirekt bei niedrigen Temperaturen zuzubereiten. Die Keramik-Hitzeschilde sorgen daf\u00fcr, dass Ihr Kamado-Grill wie ein Backofen funktioniert, w\u00e4hrend der Platteneinsatz verhindert, dass die Flammen direkt mit Ihrem Grillgut in Ber\u00fchrung kommen. So k\u00f6nnen Sie empfindliche Gerichte wie Fisch, Brot oder Schmorbraten perfekt zubereiten, ohne dass sie anbrennen.  <\/p>\n<p>Dieses System, auch bekannt als Multi-Level-Kochsystem, ersetzt den Standard-Grillrost des Kamado. Es l\u00e4sst sich zudem mit verschiedenen Zubeh\u00f6rteilen erweitern, wie z. B. einer halben gusseisernen Grillplatte, einem halben gusseisernen Grillrost, einem Schmortopf oder einer Grillerweiterung. So k\u00f6nnen Sie Ihren Kamado optimal an die Bed\u00fcrfnisse jedes gew\u00fcnschten Gerichts anpassen.  <\/p>\n<p><strong>Abmessungen und Spezifikationen<\/strong><\/p>\n<p>23 Zoll: Geeignet f\u00fcr 23-Zoll-Kamados. Passend f\u00fcr Kamados mit einem Feuerring mit einem Innendurchmesser von mindestens 44 cm und h\u00f6chstens 49 cm. <\/p>\n<p>&nbsp;<\/p>\n<p><strong>Inklusiv:<\/strong><\/p>\n<ul>\n<li>Flexibles Kochsystem mit Edelstahlrahmen<\/li>\n<li>Stern aus Edelstahl zur Anbringung von Deflektoren in verschiedenen H\u00f6hen<\/li>\n<li>2 x halbe Edelstahlgrills<\/li>\n<li>2 x Keramik-Halbdeflektoren (Hitzeschilde)<\/li>\n<\/ul>\n<p><strong>Erweiterbare Optionen:<\/strong><\/p>\n<ul>\n<li>Halb gusseisernes Gitter<\/li>\n<li>Halbe Grillplatte aus Gusseisen<\/li>\n<li>Schmortopf<\/li>\n<li>Grillerweiterung<\/li>\n<\/ul>\n<p><strong>Verf\u00fcgbare Gr\u00f6\u00dfen:<\/strong><\/p>\n<p>Dieses flexible Kochsystem ist in verschiedenen Gr\u00f6\u00dfen erh\u00e4ltlich und passt auf nahezu jeden Kamado-Grill. Dank seiner Erweiterungsm\u00f6glichkeiten wird Ihr Kamado zu einem vielseitigen Ger\u00e4t, mit dem Sie Gerichte wie ein wahrer Grillmeister zubereiten k\u00f6nnen. <\/p>\n<p>.<\/p>\n<p><strong>Gutes Equipment ist nat\u00fcrlich das A und O f\u00fcr ein perfektes BBQ! Tools4Grill hat Qualit\u00e4tsprodukte von Herstellern ausgew\u00e4hlt, die \u00fcber jahrelange globale Erfahrung in der Entwicklung und Herstellung von Grillzubeh\u00f6r verf\u00fcgen, sodass Sie sich dar\u00fcber keine Gedanken machen m\u00fcssen! <\/strong><\/p>\n<p><strong>Unsere Produkte wurden ausf\u00fchrlich getestet und erf\u00fcllen alle Qualit\u00e4tsanforderungen.<\/strong><br \/>\n<strong>Das Sortiment ist exklusiv \u00fcber Bol.com und auf unserer eigenen Website erh\u00e4ltlich und wird st\u00e4ndig um neue, preisg\u00fcnstige Produkte in A-Qualit\u00e4t erweitert.<\/strong><\/p>\n<p>&nbsp;<\/p>\n<p>&nbsp;<\/p>\n","protected":false},"excerpt":{"rendered":"<p>Divide &amp; Conquer Flexibles Kochsystem f\u00fcr jeden Kamado-Grill: Das ultimative Zubeh\u00f6r f\u00fcr vielseitiges Kochen Das flexible Grillrostsystem von Tools4Grill ist das perfekte Zubeh\u00f6r, um das volle Potenzial Ihres Kamado-Grills auszusch\u00f6pfen. Diese innovative, mehrstufige Grillplattform erm\u00f6glicht Ihnen vielf\u00e4ltige Konfigurationsm\u00f6glichkeiten Ihres Kamado und erlaubt Ihnen, verschiedene Grillzonen und -h\u00f6hen f\u00fcr ein abwechslungsreiches Grillerlebnis zu schaffen. Dieses System [&hellip;]<\/p>\n","protected":false},"featured_media":570,"comment_status":"open","ping_status":"closed","template":"","meta":{"_et_pb_use_builder":"","_et_pb_old_content":"","_et_gb_content_width":""},"product_brand":[],"product_cat":[190,170],"product_tag":[252],"class_list":{"0":"post-225438","1":"product","2":"type-product","3":"status-publish","4":"has-post-thumbnail","6":"product_cat-23-zoll","7":"product_cat-teile-und-herrsche","8":"product_tag-23-zoll","10":"first","11":"instock","12":"taxable","13":"shipping-taxable","14":"purchasable","15":"product-type-simple"},"_links":{"self":[{"href":"https:\/\/www.tools4grill.nl\/de\/wp-json\/wp\/v2\/product\/225438","targetHints":{"allow":["GET"]}}],"collection":[{"href":"https:\/\/www.tools4grill.nl\/de\/wp-json\/wp\/v2\/product"}],"about":[{"href":"https:\/\/www.tools4grill.nl\/de\/wp-json\/wp\/v2\/types\/product"}],"replies":[{"embeddable":true,"href":"https:\/\/www.tools4grill.nl\/de\/wp-json\/wp\/v2\/comments?post=225438"}],"wp:featuredmedia":[{"embeddable":true,"href":"https:\/\/www.tools4grill.nl\/de\/wp-json\/wp\/v2\/media\/570"}],"wp:attachment":[{"href":"https:\/\/www.tools4grill.nl\/de\/wp-json\/wp\/v2\/media?parent=225438"}],"wp:term":[{"taxonomy":"product_brand","embeddable":true,"href":"https:\/\/www.tools4grill.nl\/de\/wp-json\/wp\/v2\/product_brand?post=225438"},{"taxonomy":"product_cat","embeddable":true,"href":"https:\/\/www.tools4grill.nl\/de\/wp-json\/wp\/v2\/product_cat?post=225438"},{"taxonomy":"product_tag","embeddable":true,"href":"https:\/\/www.tools4grill.nl\/de\/wp-json\/wp\/v2\/product_tag?post=225438"}],"curies":[{"name":"wp","href":"https:\/\/api.w.org\/{rel}","templated":true}]}}