{"id":225418,"date":"2021-02-11T09:18:36","date_gmt":"2021-02-11T08:18:36","guid":{"rendered":"https:\/\/www.tools4grill.nl\/product\/grillhacken-18-zoll\/"},"modified":"2021-02-11T09:18:36","modified_gmt":"2021-02-11T08:18:36","slug":"grillhacken-18-zoll","status":"publish","type":"product","link":"https:\/\/www.tools4grill.nl\/de\/produkt\/grillhacken-18-zoll\/","title":{"rendered":"Grillhacken 18 Zoll"},"content":{"rendered":"<p>Diese Tools4grill-Abdeckung sorgt daf\u00fcr, dass Ihr Kamado allen Witterungsbedingungen standh\u00e4lt. Sie sch\u00fctzt nicht nur vor Niederschlag und K\u00e4lte, sondern auch vor UV-Strahlung, die zu Verf\u00e4rbungen f\u00fchren kann. Auch bewegliche Teile wie das federbelastete Scharnier, das Drehrad und die Seitentische ben\u00f6tigen Schutz. <\/p>\n<p>Die einzigartigen, winzigen L\u00f6cher lassen Feuchtigkeit und Kondenswasser aus der Abdeckung entweichen. Dadurch wird Schimmelbildung sowohl auf der Abdeckung als auch auf Ihrem Grill verhindert. Feuchtigkeit von au\u00dfen wird auf nat\u00fcrliche Weise abgewiesen, sodass Ihr Grill optimal gesch\u00fctzt bleibt.  <\/p>\n<p>Geeignet f\u00fcr einen Kamado mit einem Au\u00dfendurchmesser von 18 Zoll (+\/- 46 cm)<\/p>\n<p>Diese Universalabdeckung ist aus hochwertigem Polyester gefertigt. Durchmesser 71,5 cm, H\u00f6he 79 cm.<\/p>\n","protected":false},"excerpt":{"rendered":"<p>Diese Tools4grill-Abdeckung sorgt daf\u00fcr, dass Ihr Kamado allen Witterungsbedingungen standh\u00e4lt. Sie sch\u00fctzt nicht nur vor Niederschlag und K\u00e4lte, sondern auch vor UV-Strahlung, die zu Verf\u00e4rbungen f\u00fchren kann. Auch bewegliche Teile wie das federbelastete Scharnier, das Drehrad und die Seitentische ben\u00f6tigen Schutz. Die einzigartigen, winzigen L\u00f6cher lassen Feuchtigkeit und Kondenswasser aus der Abdeckung entweichen. Dadurch wird [&hellip;]<\/p>\n","protected":false},"featured_media":224230,"comment_status":"open","ping_status":"closed","template":"","meta":{"_et_pb_use_builder":"","_et_pb_old_content":"","_et_gb_content_width":""},"product_brand":[],"product_cat":[194,173],"product_tag":[249],"class_list":{"0":"post-225418","1":"product","2":"type-product","3":"status-publish","4":"has-post-thumbnail","6":"product_cat-18-zoll","7":"product_cat-grillabdeckungen","8":"product_tag-18-zoll","10":"first","11":"instock","12":"taxable","13":"shipping-taxable","14":"purchasable","15":"product-type-simple"},"_links":{"self":[{"href":"https:\/\/www.tools4grill.nl\/de\/wp-json\/wp\/v2\/product\/225418","targetHints":{"allow":["GET"]}}],"collection":[{"href":"https:\/\/www.tools4grill.nl\/de\/wp-json\/wp\/v2\/product"}],"about":[{"href":"https:\/\/www.tools4grill.nl\/de\/wp-json\/wp\/v2\/types\/product"}],"replies":[{"embeddable":true,"href":"https:\/\/www.tools4grill.nl\/de\/wp-json\/wp\/v2\/comments?post=225418"}],"wp:featuredmedia":[{"embeddable":true,"href":"https:\/\/www.tools4grill.nl\/de\/wp-json\/wp\/v2\/media\/224230"}],"wp:attachment":[{"href":"https:\/\/www.tools4grill.nl\/de\/wp-json\/wp\/v2\/media?parent=225418"}],"wp:term":[{"taxonomy":"product_brand","embeddable":true,"href":"https:\/\/www.tools4grill.nl\/de\/wp-json\/wp\/v2\/product_brand?post=225418"},{"taxonomy":"product_cat","embeddable":true,"href":"https:\/\/www.tools4grill.nl\/de\/wp-json\/wp\/v2\/product_cat?post=225418"},{"taxonomy":"product_tag","embeddable":true,"href":"https:\/\/www.tools4grill.nl\/de\/wp-json\/wp\/v2\/product_tag?post=225418"}],"curies":[{"name":"wp","href":"https:\/\/api.w.org\/{rel}","templated":true}]}}