{"id":225313,"date":"2021-02-10T12:07:26","date_gmt":"2021-02-10T11:07:26","guid":{"rendered":"https:\/\/www.tools4grill.nl\/product\/bbq-abdeckhaube-15-zoll\/"},"modified":"2021-02-10T12:07:26","modified_gmt":"2021-02-10T11:07:26","slug":"bbq-abdeckhaube-15-zoll","status":"publish","type":"product","link":"https:\/\/www.tools4grill.nl\/de\/produkt\/bbq-abdeckhaube-15-zoll\/","title":{"rendered":"BBQ-Abdeckhaube 15 Zoll"},"content":{"rendered":"<p>Diese <strong>Tools4grill <\/strong>Abdeckhaube sorgt daf\u00fcr, dass dein Kamado jedem Wetter trotzt. Sie sch\u00fctzt nicht nur vor Niederschlag und K\u00e4lte, sondern auch vor UV-Licht, das unter anderem zum Verblassen deines Kamados f\u00fchren kann.<br \/>\nAuch die beweglichen Teile wie das Federscharnier, das Deckelventil und die Seitentische ben\u00f6tigen diesen Schutz. <\/p>\n<p>Durch die einzigartigen winzigen \u00d6ffnungen kann entstehende Feuchtigkeit oder Kondenswasser aus der H\u00fclle entweichen. Dies verhindert Schimmelbildung an der Haube, aber auch an deinem Grill. Feuchtigkeit von au\u00dfen wird nat\u00fcrlich abgewiesen, damit dein BBQ bestens gesch\u00fctzt bleibt.  <\/p>\n<p>Passend f\u00fcr einen Kamado mit 15 Zoll Au\u00dfenma\u00df<br \/>\nDurchmesser 55 cm, H\u00f6he 40 cm<\/p>\n<p>Diese H\u00fclle ist universell einsetzbar und aus hochwertigem Polyester gefertigt.<\/p>\n","protected":false},"excerpt":{"rendered":"<p>Diese Tools4grill Abdeckhaube sorgt daf\u00fcr, dass dein Kamado jedem Wetter trotzt. Sie sch\u00fctzt nicht nur vor Niederschlag und K\u00e4lte, sondern auch vor UV-Licht, das unter anderem zum Verblassen deines Kamados f\u00fchren kann. Auch die beweglichen Teile wie das Federscharnier, das Deckelventil und die Seitentische ben\u00f6tigen diesen Schutz. Durch die einzigartigen winzigen \u00d6ffnungen kann entstehende Feuchtigkeit [&hellip;]<\/p>\n","protected":false},"featured_media":224232,"comment_status":"open","ping_status":"closed","template":"","meta":{"_et_pb_use_builder":"","_et_pb_old_content":"","_et_gb_content_width":""},"product_brand":[],"product_cat":[192,191,173],"product_tag":[247],"class_list":{"0":"post-225313","1":"product","2":"type-product","3":"status-publish","4":"has-post-thumbnail","6":"product_cat-15-16-zoll","7":"product_cat-15-zoll","8":"product_cat-grillabdeckungen","9":"product_tag-15-zoll","11":"first","12":"instock","13":"taxable","14":"shipping-taxable","15":"purchasable","16":"product-type-simple"},"_links":{"self":[{"href":"https:\/\/www.tools4grill.nl\/de\/wp-json\/wp\/v2\/product\/225313","targetHints":{"allow":["GET"]}}],"collection":[{"href":"https:\/\/www.tools4grill.nl\/de\/wp-json\/wp\/v2\/product"}],"about":[{"href":"https:\/\/www.tools4grill.nl\/de\/wp-json\/wp\/v2\/types\/product"}],"replies":[{"embeddable":true,"href":"https:\/\/www.tools4grill.nl\/de\/wp-json\/wp\/v2\/comments?post=225313"}],"wp:featuredmedia":[{"embeddable":true,"href":"https:\/\/www.tools4grill.nl\/de\/wp-json\/wp\/v2\/media\/224232"}],"wp:attachment":[{"href":"https:\/\/www.tools4grill.nl\/de\/wp-json\/wp\/v2\/media?parent=225313"}],"wp:term":[{"taxonomy":"product_brand","embeddable":true,"href":"https:\/\/www.tools4grill.nl\/de\/wp-json\/wp\/v2\/product_brand?post=225313"},{"taxonomy":"product_cat","embeddable":true,"href":"https:\/\/www.tools4grill.nl\/de\/wp-json\/wp\/v2\/product_cat?post=225313"},{"taxonomy":"product_tag","embeddable":true,"href":"https:\/\/www.tools4grill.nl\/de\/wp-json\/wp\/v2\/product_tag?post=225313"}],"curies":[{"name":"wp","href":"https:\/\/api.w.org\/{rel}","templated":true}]}}