{"id":225293,"date":"2025-02-04T13:10:15","date_gmt":"2025-02-04T12:10:15","guid":{"rendered":"https:\/\/www.tools4grill.nl\/product\/pizzaspatel-4-stueck\/"},"modified":"2025-02-04T13:10:15","modified_gmt":"2025-02-04T12:10:15","slug":"pizzaspatel-4-stueck","status":"publish","type":"product","link":"https:\/\/www.tools4grill.nl\/de\/produkt\/pizzaspatel-4-stueck\/","title":{"rendered":"Pizzaspatel 4 St\u00fcck"},"content":{"rendered":"<p data-start=\"307\" data-end=\"408\"><strong data-start=\"307\" data-end=\"408\">4er-Set Universal-Spatel f\u00fcr Pizza\u00f6fen \u2013 passend f\u00fcr Emerio, Pizzarette, Tristar und mehr<\/strong><\/p>\n<p data-start=\"410\" data-end=\"692\"><strong data-start=\"419\" data-end=\"451\">4er-Set Pizzarette-Spatel.<\/strong> Diese Spatel sind <strong data-start=\"523\" data-end=\"583\">universell passend f\u00fcr fast alle Pizzaofen-Marken<\/strong>, darunter <strong data-start=\"595\" data-end=\"641\">Emerio, Pizzarette, Tristar, Bestron, Domo<\/strong> und andere Modelle mit \u00e4hnlichen Ma\u00dfen.<\/p>\n<ul data-start=\"694\" data-end=\"754\">\n<li data-start=\"694\" data-end=\"725\">\n<p data-start=\"696\" data-end=\"725\"><strong data-start=\"696\" data-end=\"715\">Spatelbreite:<\/strong> 10,5 cm<\/p>\n<\/li>\n<li data-start=\"726\" data-end=\"754\">\n<p data-start=\"728\" data-end=\"754\"><strong data-start=\"728\" data-end=\"746\">Gesamtl\u00e4nge:<\/strong> 28 cm<\/p>\n<\/li>\n<\/ul>\n<p data-start=\"756\" data-end=\"985\">Dank der robusten Konstruktion und der praktischen Ma\u00dfe passen diese Spatel perfekt in die \u00d6ffnungen der meisten <strong data-start=\"867\" data-end=\"888\">Tisch-Pizza\u00f6fen<\/strong>. Ideal zum Backen von Minipizzen oder Snacks bei einem gem\u00fctlichen Gourmet- oder Pizzarette-Abend. <\/p>\n<p data-start=\"987\" data-end=\"1162\">Neben diesen Spateln findest du bei <strong data-start=\"1018\" data-end=\"1033\">Tools4Grill<\/strong> auch <strong data-start=\"1038\" data-end=\"1066\">Teflon-Antihaftfolien<\/strong>, die daf\u00fcr sorgen, dass dein <strong data-start=\"1094\" data-end=\"1159\">Pizzaofen und deine Spatel l\u00e4nger sauber und in Top-Zustand bleiben<\/strong>.<\/p>\n<p>&nbsp;<\/p>\n","protected":false},"excerpt":{"rendered":"<p>4er-Set Universal-Spatel f\u00fcr Pizza\u00f6fen \u2013 passend f\u00fcr Emerio, Pizzarette, Tristar und mehr 4er-Set Pizzarette-Spatel. Diese Spatel sind universell passend f\u00fcr fast alle Pizzaofen-Marken, darunter Emerio, Pizzarette, Tristar, Bestron, Domo und andere Modelle mit \u00e4hnlichen Ma\u00dfen. Spatelbreite: 10,5 cm Gesamtl\u00e4nge: 28 cm Dank der robusten Konstruktion und der praktischen Ma\u00dfe passen diese Spatel perfekt in die [&hellip;]<\/p>\n","protected":false},"featured_media":224196,"comment_status":"open","ping_status":"closed","template":"","meta":{"_et_pb_use_builder":"","_et_pb_old_content":"","_et_gb_content_width":""},"product_brand":[],"product_cat":[112],"product_tag":[],"class_list":{"0":"post-225293","1":"product","2":"type-product","3":"status-publish","4":"has-post-thumbnail","6":"product_cat-andere","8":"first","9":"instock","10":"taxable","11":"shipping-taxable","12":"purchasable","13":"product-type-simple"},"_links":{"self":[{"href":"https:\/\/www.tools4grill.nl\/de\/wp-json\/wp\/v2\/product\/225293","targetHints":{"allow":["GET"]}}],"collection":[{"href":"https:\/\/www.tools4grill.nl\/de\/wp-json\/wp\/v2\/product"}],"about":[{"href":"https:\/\/www.tools4grill.nl\/de\/wp-json\/wp\/v2\/types\/product"}],"replies":[{"embeddable":true,"href":"https:\/\/www.tools4grill.nl\/de\/wp-json\/wp\/v2\/comments?post=225293"}],"wp:featuredmedia":[{"embeddable":true,"href":"https:\/\/www.tools4grill.nl\/de\/wp-json\/wp\/v2\/media\/224196"}],"wp:attachment":[{"href":"https:\/\/www.tools4grill.nl\/de\/wp-json\/wp\/v2\/media?parent=225293"}],"wp:term":[{"taxonomy":"product_brand","embeddable":true,"href":"https:\/\/www.tools4grill.nl\/de\/wp-json\/wp\/v2\/product_brand?post=225293"},{"taxonomy":"product_cat","embeddable":true,"href":"https:\/\/www.tools4grill.nl\/de\/wp-json\/wp\/v2\/product_cat?post=225293"},{"taxonomy":"product_tag","embeddable":true,"href":"https:\/\/www.tools4grill.nl\/de\/wp-json\/wp\/v2\/product_tag?post=225293"}],"curies":[{"name":"wp","href":"https:\/\/api.w.org\/{rel}","templated":true}]}}