{"id":225234,"date":"2025-07-13T10:08:58","date_gmt":"2025-07-13T08:08:58","guid":{"rendered":"https:\/\/www.tools4grill.nl\/product\/kabelloses-bbq-fleischthermometer-duo-sonde\/"},"modified":"2025-07-13T10:08:58","modified_gmt":"2025-07-13T08:08:58","slug":"kabelloses-bbq-fleischthermometer-duo-sonde","status":"publish","type":"product","link":"https:\/\/www.tools4grill.nl\/de\/produkt\/kabelloses-bbq-fleischthermometer-duo-sonde\/","title":{"rendered":"Kabelloses BBQ-Fleischthermometer DUO-Sonde"},"content":{"rendered":"<h3 data-start=\"235\" data-end=\"298\"><strong data-start=\"239\" data-end=\"296\">Tools4Grill Kabelloses BBQ-Thermometer DUO-Sonde<\/strong><\/h3>\n<p data-start=\"299\" data-end=\"344\"><em data-start=\"299\" data-end=\"344\">Volle Kontrolle, ganz ohne Kabelsalat<\/em><\/p>\n<p data-start=\"346\" data-end=\"617\">Erlebe ultimative Freiheit beim Grillen mit diesem vollst\u00e4ndig <strong data-start=\"411\" data-end=\"448\">kabellosen Tools4Grill Thermometer<\/strong>. Erh\u00e4ltlich mit 1 oder 2 Sonden, damit du m\u00fchelos mehrere Fleischst\u00fccke gleichzeitig im Auge beh\u00e4ltst \u2013 ohne dass auch nur ein Kabel im Weg ist. <\/p>\n<p data-start=\"619\" data-end=\"783\">Ob du in der K\u00fcche stehst oder dich 150 Meter weiter entspannst: \u00dcber die praktische App verfolgst du die Temperatur deines Grills aus der Ferne, auf bis zu <strong data-start=\"754\" data-end=\"767\">170 m<\/strong> im freien Feld!<\/p>\n<h4 data-start=\"785\" data-end=\"806\">\u2705 <strong data-start=\"792\" data-end=\"806\">Merkmale:<\/strong><\/h4>\n<ul data-start=\"807\" data-end=\"1502\">\n<li data-start=\"807\" data-end=\"867\">\n<p data-start=\"809\" data-end=\"867\"><strong data-start=\"809\" data-end=\"839\">Vollst\u00e4ndig kabelloses Design<\/strong> \u2013 Keine Kabel, kein Stress<\/p>\n<\/li>\n<li data-start=\"868\" data-end=\"918\">\n<p data-start=\"870\" data-end=\"918\"><strong data-start=\"870\" data-end=\"904\">Bluetooth-Reichweite bis zu 170 m<\/strong> (freies Feld)<\/p>\n<\/li>\n<li data-start=\"919\" data-end=\"1048\">\n<p data-start=\"921\" data-end=\"1048\"><strong data-start=\"921\" data-end=\"962\">Duale Temperatursensoren pro Sonde<\/strong> \u2013 Misst sowohl die Kerntemperatur (bis 122 \u00b0C) als auch die Umgebungstemperatur (bis 300 \u00b0C)<\/p>\n<\/li>\n<li data-start=\"1049\" data-end=\"1125\">\n<p data-start=\"1051\" data-end=\"1125\"><strong data-start=\"1051\" data-end=\"1078\">Au\u00dfergew\u00f6hnliche Pr\u00e4zision<\/strong> \u2013 Genau auf \u00b11,8 \u00b0C f\u00fcr den perfekten Garpunkt<\/p>\n<\/li>\n<li data-start=\"1126\" data-end=\"1194\">\n<p data-start=\"1128\" data-end=\"1194\"><strong data-start=\"1128\" data-end=\"1152\">Blitzschnell aufgeladen<\/strong> \u2013 15 Minuten Laden = bis zu 72 Stunden Nutzung (Micro-USB)<\/p>\n<\/li>\n<li data-start=\"1195\" data-end=\"1248\">\n<p data-start=\"1197\" data-end=\"1248\"><strong data-start=\"1197\" data-end=\"1246\">IP65 wasserdicht &amp; leicht zu reinigen<\/strong><\/p>\n<\/li>\n<li data-start=\"1331\" data-end=\"1385\">\n<p data-start=\"1333\" data-end=\"1385\"><strong data-start=\"1333\" data-end=\"1383\">Edelstahlsonde aus lebensmittelechtem 304er-Edelstahl<\/strong><\/p>\n<\/li>\n<li data-start=\"1386\" data-end=\"1502\">\n<p data-start=\"1388\" data-end=\"1502\"><strong data-start=\"1388\" data-end=\"1455\">Magnetische Ladestation mit USB-Anschluss und beleuchtetem Display<\/strong> \u2013 Praktisch an deinem K\u00fchlschrank oder Grill zu verstauen<\/p>\n<\/li>\n<\/ul>\n<h4 data-start=\"1504\" data-end=\"1537\">\ud83d\udd25 <strong data-start=\"1512\" data-end=\"1535\">Warum Tools4Grill?<\/strong><\/h4>\n<p data-start=\"1538\" data-end=\"1760\">Dieses smarte Thermometer ist ein Must-have f\u00fcr jeden passionierten Griller. Dank der pr\u00e4zisen Messungen und des kabellosen Komforts servierst du deinen G\u00e4sten immer perfekt gegartes Fleisch \u2013 ohne st\u00e4ndig am Grill stehen zu m\u00fcssen. <\/p>\n<p data-start=\"1762\" data-end=\"1845\"><strong data-start=\"1762\" data-end=\"1845\">Verf\u00fcgbar mit 1 oder 2 Sonden \u2013 w\u00e4hle die Ausf\u00fchrung, die zu dir passt.<\/strong><\/p>\n","protected":false},"excerpt":{"rendered":"<p>Tools4Grill Kabelloses BBQ-Thermometer DUO-Sonde Volle Kontrolle, ganz ohne Kabelsalat Erlebe ultimative Freiheit beim Grillen mit diesem vollst\u00e4ndig kabellosen Tools4Grill Thermometer. Erh\u00e4ltlich mit 1 oder 2 Sonden, damit du m\u00fchelos mehrere Fleischst\u00fccke gleichzeitig im Auge beh\u00e4ltst \u2013 ohne dass auch nur ein Kabel im Weg ist. Ob du in der K\u00fcche stehst oder dich 150 Meter [&hellip;]<\/p>\n","protected":false},"featured_media":224658,"comment_status":"open","ping_status":"closed","template":"","meta":{"_et_pb_use_builder":"","_et_pb_old_content":"","_et_gb_content_width":""},"product_brand":[],"product_cat":[138],"product_tag":[],"class_list":{"0":"post-225234","1":"product","2":"type-product","3":"status-publish","4":"has-post-thumbnail","6":"product_cat-thermometer","8":"first","9":"instock","10":"taxable","11":"shipping-taxable","12":"purchasable","13":"product-type-simple"},"_links":{"self":[{"href":"https:\/\/www.tools4grill.nl\/de\/wp-json\/wp\/v2\/product\/225234","targetHints":{"allow":["GET"]}}],"collection":[{"href":"https:\/\/www.tools4grill.nl\/de\/wp-json\/wp\/v2\/product"}],"about":[{"href":"https:\/\/www.tools4grill.nl\/de\/wp-json\/wp\/v2\/types\/product"}],"replies":[{"embeddable":true,"href":"https:\/\/www.tools4grill.nl\/de\/wp-json\/wp\/v2\/comments?post=225234"}],"wp:featuredmedia":[{"embeddable":true,"href":"https:\/\/www.tools4grill.nl\/de\/wp-json\/wp\/v2\/media\/224658"}],"wp:attachment":[{"href":"https:\/\/www.tools4grill.nl\/de\/wp-json\/wp\/v2\/media?parent=225234"}],"wp:term":[{"taxonomy":"product_brand","embeddable":true,"href":"https:\/\/www.tools4grill.nl\/de\/wp-json\/wp\/v2\/product_brand?post=225234"},{"taxonomy":"product_cat","embeddable":true,"href":"https:\/\/www.tools4grill.nl\/de\/wp-json\/wp\/v2\/product_cat?post=225234"},{"taxonomy":"product_tag","embeddable":true,"href":"https:\/\/www.tools4grill.nl\/de\/wp-json\/wp\/v2\/product_tag?post=225234"}],"curies":[{"name":"wp","href":"https:\/\/api.w.org\/{rel}","templated":true}]}}